{"id":8769,"date":"2025-05-06T15:12:40","date_gmt":"2025-05-06T15:12:40","guid":{"rendered":"https:\/\/www.ccconcept.ch\/CC\/?post_type=product&#038;p=8769"},"modified":"2025-05-06T15:12:40","modified_gmt":"2025-05-06T15:12:40","slug":"cave-a-vins-liebherr-ewtgb-2383-26-001-gauche-integree-vitree","status":"publish","type":"product","link":"https:\/\/www.ccconcept.ch\/CC\/produit\/cave-a-vins-liebherr-ewtgb-2383-26-001-gauche-integree-vitree\/","title":{"rendered":"Cave \u00e0 vins Liebherr EWTgb 2383-26 001 Gauche int\u00e9gr\u00e9e vitr\u00e9e"},"content":{"rendered":"<p>Armoire de mise en temp\u00e9rature des vins encastrable<br \/>\nDimensions de la niche hauteur\/largeur\/profondeur 1220-1236\/560-570\/550<br \/>\nNombre maximum de bouteilles de Bordeaux de 0,75 l 48<br \/>\nPlages de temp\u00e9rature 2<br \/>\nCircuits frigorifiques r\u00e9glables 2<br \/>\nClasse d\u2019efficacit\u00e9 \u00e9nerg\u00e9tique G<br \/>\nMontage de la porte fixe<\/p>\n","protected":false},"excerpt":{"rendered":"<p>Stockage anti-vibrations<br \/>\nM\u00eame des secousses mineures peuvent troubler la maturation des vins et emp\u00eacher le d\u00e9p\u00f4t des tanins. Pour toutes les armoires \u00e0 vins, des compresseurs sp\u00e9cialement d\u00e9velopp\u00e9s, aux vibrations extr\u00eamement limit\u00e9es, assurent un stockage des vins tout en douceur.<\/p>\n<p>Hygrom\u00e9trie id\u00e9ale<br \/>\nLe taux correct d\u2019hygrom\u00e9trie est un facteur important pour le stockage des vins. Ainsi, les bouchons restent souples et ne se dess\u00e8chent pas. Pour pr\u00e9server \u00e9galement au possible l\u2019humidit\u00e9 interne des bouchons, les vins devraient \u00eatre stock\u00e9s en position couch\u00e9e. Avec un taux d\u2019hygrom\u00e9trie sup\u00e9rieur \u00e0 50%, les armoires \u00e0 vins garantissent les meilleures conditions. Au besoin, l\u2019hygrom\u00e9trie des caves de vieillissement peut \u00eatre r\u00e9gl\u00e9e par la touche de ventilation.<\/p>\n<p>Porte vitr\u00e9e isolante<br \/>\nLes bouteilles de vin sont pour la plupart teint\u00e9es car la lumi\u00e8re UV trouble la maturation du vin. Mais en mati\u00e8re de protection, la bouteille seule ne suffit pas. Pour minimiser l\u2019exposition aux rayonnements, les armoires \u00e0 vins de Liebherr sont \u00e9quip\u00e9es de verre isolant sp\u00e9cial r\u00e9sistant aux UV. Ainsi, la r\u00e9serve de vins est prot\u00e9g\u00e9e, tout en b\u00e9n\u00e9ficiant d\u2019une pr\u00e9sentation styl\u00e9e.<\/p>\n<p>Silent<br \/>\nLes appareils Silent sont extr\u00eamement silencieux en raison de leur conception et des composants \u00e0 faible bruit. Ils sont actuellement les plus silencieux de leur groupe de produits.<\/p>\n","protected":false},"featured_media":8770,"comment_status":"closed","ping_status":"closed","template":"","meta":{"_et_pb_use_builder":"","_et_pb_old_content":"","_et_gb_content_width":""},"product_brand":[],"product_cat":[88],"product_tag":[],"class_list":{"0":"post-8769","1":"product","2":"type-product","3":"status-publish","4":"has-post-thumbnail","6":"product_cat-caves-a-vin","8":"first","9":"instock","10":"sale","11":"taxable","12":"shipping-taxable","13":"purchasable","14":"product-type-simple"},"_links":{"self":[{"href":"https:\/\/www.ccconcept.ch\/CC\/wp-json\/wp\/v2\/product\/8769","targetHints":{"allow":["GET"]}}],"collection":[{"href":"https:\/\/www.ccconcept.ch\/CC\/wp-json\/wp\/v2\/product"}],"about":[{"href":"https:\/\/www.ccconcept.ch\/CC\/wp-json\/wp\/v2\/types\/product"}],"replies":[{"embeddable":true,"href":"https:\/\/www.ccconcept.ch\/CC\/wp-json\/wp\/v2\/comments?post=8769"}],"wp:featuredmedia":[{"embeddable":true,"href":"https:\/\/www.ccconcept.ch\/CC\/wp-json\/wp\/v2\/media\/8770"}],"wp:attachment":[{"href":"https:\/\/www.ccconcept.ch\/CC\/wp-json\/wp\/v2\/media?parent=8769"}],"wp:term":[{"taxonomy":"product_brand","embeddable":true,"href":"https:\/\/www.ccconcept.ch\/CC\/wp-json\/wp\/v2\/product_brand?post=8769"},{"taxonomy":"product_cat","embeddable":true,"href":"https:\/\/www.ccconcept.ch\/CC\/wp-json\/wp\/v2\/product_cat?post=8769"},{"taxonomy":"product_tag","embeddable":true,"href":"https:\/\/www.ccconcept.ch\/CC\/wp-json\/wp\/v2\/product_tag?post=8769"}],"curies":[{"name":"wp","href":"https:\/\/api.w.org\/{rel}","templated":true}]}}