{"id":8742,"date":"2024-06-25T08:44:50","date_gmt":"2024-06-25T08:44:50","guid":{"rendered":"https:\/\/www.ccconcept.ch\/CC\/?post_type=product&#038;p=8742"},"modified":"2024-06-25T08:50:32","modified_gmt":"2024-06-25T08:50:32","slug":"bauknecht-refrigerateur-k55vm-1130-w-ch","status":"publish","type":"product","link":"https:\/\/www.ccconcept.ch\/CC\/produit\/bauknecht-refrigerateur-k55vm-1130-w-ch\/","title":{"rendered":"Bauknecht R\u00e9frig\u00e9rateur K55VM 1130 W CH"},"content":{"rendered":"<p>PERFORMANCE<br \/>\nClasse d\u2019efficacit\u00e9 \u00e9nerg\u00e9tique : D<br \/>\nConsommation \u00e9nerg\u00e9tique annuelle moyenne en kWh\/an : 116<br \/>\nNombre d&#8217;\u00e9toiles : 4<br \/>\nDIMENSIONS<br \/>\nHauteur 838mm Largeur 540mm Profondeur 595mm<br \/>\nSP\u00c9CIFICATIONS<br \/>\nType de pose : Appareil \u00e0 pose libre<br \/>\nGroupe de produit : Rafra\u00eechissant<br \/>\nSomme des volumes des compartiments de cong\u00e9lation : 17<br \/>\nSomme des volumes des compartiments pour denr\u00e9es hautement p\u00e9rissables : 105<br \/>\nType de commandes : M\u00e9canique<br \/>\nProcessus de d\u00e9givrage dans la partie r\u00e9frig\u00e9rateur : Manuel<br \/>\nPieds r\u00e9glables : A l&#8217;avant seulement<br \/>\nNombre de clayettes dans le r\u00e9frig\u00e9rateur : 1<br \/>\nNombre de clayettes dans le r\u00e9frig\u00e9rateur : 2<br \/>\nSignal de dysfonctionnement : Pas de signal<br \/>\nCouleur de l&#8217;appareil : Blanc<\/p>\n","protected":false},"excerpt":{"rendered":"<p>Une r\u00e9frig\u00e9rateur d&#8217;appoint pose libre id\u00e9al. <\/p>\n","protected":false},"featured_media":8745,"comment_status":"closed","ping_status":"closed","template":"","meta":{"_et_pb_use_builder":"","_et_pb_old_content":"","_et_gb_content_width":""},"product_brand":[],"product_cat":[147],"product_tag":[],"class_list":{"0":"post-8742","1":"product","2":"type-product","3":"status-publish","4":"has-post-thumbnail","6":"product_cat-refrigerateur-congelateur","8":"first","9":"instock","10":"sale","11":"taxable","12":"shipping-taxable","13":"purchasable","14":"product-type-simple"},"_links":{"self":[{"href":"https:\/\/www.ccconcept.ch\/CC\/wp-json\/wp\/v2\/product\/8742","targetHints":{"allow":["GET"]}}],"collection":[{"href":"https:\/\/www.ccconcept.ch\/CC\/wp-json\/wp\/v2\/product"}],"about":[{"href":"https:\/\/www.ccconcept.ch\/CC\/wp-json\/wp\/v2\/types\/product"}],"replies":[{"embeddable":true,"href":"https:\/\/www.ccconcept.ch\/CC\/wp-json\/wp\/v2\/comments?post=8742"}],"wp:featuredmedia":[{"embeddable":true,"href":"https:\/\/www.ccconcept.ch\/CC\/wp-json\/wp\/v2\/media\/8745"}],"wp:attachment":[{"href":"https:\/\/www.ccconcept.ch\/CC\/wp-json\/wp\/v2\/media?parent=8742"}],"wp:term":[{"taxonomy":"product_brand","embeddable":true,"href":"https:\/\/www.ccconcept.ch\/CC\/wp-json\/wp\/v2\/product_brand?post=8742"},{"taxonomy":"product_cat","embeddable":true,"href":"https:\/\/www.ccconcept.ch\/CC\/wp-json\/wp\/v2\/product_cat?post=8742"},{"taxonomy":"product_tag","embeddable":true,"href":"https:\/\/www.ccconcept.ch\/CC\/wp-json\/wp\/v2\/product_tag?post=8742"}],"curies":[{"name":"wp","href":"https:\/\/api.w.org\/{rel}","templated":true}]}}