{"id":8736,"date":"2024-06-25T05:31:36","date_gmt":"2024-06-25T05:31:36","guid":{"rendered":"https:\/\/www.ccconcept.ch\/CC\/?post_type=product&#038;p=8736"},"modified":"2024-06-25T08:40:56","modified_gmt":"2024-06-25T08:40:56","slug":"sharp-esnfb914awb-lave-linge","status":"publish","type":"product","link":"https:\/\/www.ccconcept.ch\/CC\/produit\/sharp-esnfb914awb-lave-linge\/","title":{"rendered":"Sharp ESNFB914AWB Lave-linge"},"content":{"rendered":"<p>Affichage du temps restant<br \/>\n9 kg<br \/>\nEssorage : B<br \/>\nLavage : A<br \/>\nEfficacit\u00e9 \u00e9nerg\u00e9tique : B<br \/>\nEmission de bruit en essorage : C<br \/>\nConso. d&#8217;eau pond\u00e9r\u00e9e par cycle litres : 50<br \/>\nConso. d&#8217;\u00e9nergie cycle lavage &#8221;Eco 40-60&#8221; kWh : 0.57<br \/>\nConso. d&#8217;\u00e9nergie pond\u00e9r\u00e9e pour 100 cycles kWh : 57<br \/>\nConso. eau cycle &#8221;Eco 40-60&#8221; L\/cycle : 50<br \/>\nConso. \u00e9nergie \/100 cycles kWh : 57<br \/>\nCoton : Oui<br \/>\nCouette \/ Duvet : Oui<br \/>\nCouleur : Blanc<br \/>\nD\u00e9part diff\u00e9r\u00e9 : Oui<br \/>\nD\u00e9tecteur anti-mousse : Oui<br \/>\nDisponibilit\u00e9 pi\u00e8ces d\u00e9tach\u00e9es : 6ans<br \/>\nDur\u00e9e cycle &#8221;Eco 40-60&#8221; h : min : 3 : 48<br \/>\nDur\u00e9e du programme &#8221;Eco 40-60&#8221; capacit\u00e9 nominale h : min : 3 : 48<br \/>\nDur\u00e9e du programme &#8221;Eco 40-60&#8221; moiti\u00e9 h : min : 2 : 54<br \/>\nDur\u00e9e du programme &#8221;Eco 40-60&#8221; quart h : min : 2 : 54<br \/>\nEco 40-60\u00b0 : Oui<br \/>\nEcran : Oui<br \/>\nEfficacit\u00e9 de rin\u00e7age g\/kg : 5<br \/>\nFonction s\u00e9chage : Non<br \/>\nHauteur 845 Largeur 597 Profondeur 582<br \/>\nNbre de programmes : 15<br \/>\nNiveau sonore lavage dB : 50<br \/>\nNiveau sonore max.dB : 77<br \/>\nPoids kg : 76<br \/>\nProgrammes sp\u00e9ciaux : Couleurs, Anti-allergie, Superjet 30\u00b0C<br \/>\nRapide : Oui<br \/>\nRepassage facile : Oui<br \/>\nS\u00e9curit\u00e9 anti-balourd : Oui<br \/>\nS\u00e9curit\u00e9 anti-d\u00e9bordement : Oui<br \/>\nS\u00e9curit\u00e9 enfant : Oui<br \/>\nSynth\u00e9tiques : Oui<br \/>\nTaux d&#8217;humidit\u00e9 r\u00e9siduelle pond\u00e9r\u00e9 % : 53.4<br \/>\nTechnologie vapeur : Oui<br \/>\nType : Lave-linge<br \/>\nType : Lave-linge frontal<br \/>\nType d&#8217;affichage : Digital<br \/>\nType de construction : Pose libre<br \/>\nType de moteur : Advanced Inverter<br \/>\nVitesse d&#8217;essorage : 1400 tours\/min<br \/>\nVolume tambour L : 59<\/p>\n","protected":false},"excerpt":{"rendered":"<p>Le lave-linge 9kg 1400 tr\/min<\/p>\n","protected":false},"featured_media":8738,"comment_status":"closed","ping_status":"closed","template":"","meta":{"_et_pb_use_builder":"","_et_pb_old_content":"","_et_gb_content_width":""},"product_brand":[],"product_cat":[91],"product_tag":[],"class_list":{"0":"post-8736","1":"product","2":"type-product","3":"status-publish","4":"has-post-thumbnail","6":"product_cat-lave-linge","8":"first","9":"instock","10":"sale","11":"taxable","12":"shipping-taxable","13":"purchasable","14":"product-type-simple"},"_links":{"self":[{"href":"https:\/\/www.ccconcept.ch\/CC\/wp-json\/wp\/v2\/product\/8736","targetHints":{"allow":["GET"]}}],"collection":[{"href":"https:\/\/www.ccconcept.ch\/CC\/wp-json\/wp\/v2\/product"}],"about":[{"href":"https:\/\/www.ccconcept.ch\/CC\/wp-json\/wp\/v2\/types\/product"}],"replies":[{"embeddable":true,"href":"https:\/\/www.ccconcept.ch\/CC\/wp-json\/wp\/v2\/comments?post=8736"}],"wp:featuredmedia":[{"embeddable":true,"href":"https:\/\/www.ccconcept.ch\/CC\/wp-json\/wp\/v2\/media\/8738"}],"wp:attachment":[{"href":"https:\/\/www.ccconcept.ch\/CC\/wp-json\/wp\/v2\/media?parent=8736"}],"wp:term":[{"taxonomy":"product_brand","embeddable":true,"href":"https:\/\/www.ccconcept.ch\/CC\/wp-json\/wp\/v2\/product_brand?post=8736"},{"taxonomy":"product_cat","embeddable":true,"href":"https:\/\/www.ccconcept.ch\/CC\/wp-json\/wp\/v2\/product_cat?post=8736"},{"taxonomy":"product_tag","embeddable":true,"href":"https:\/\/www.ccconcept.ch\/CC\/wp-json\/wp\/v2\/product_tag?post=8736"}],"curies":[{"name":"wp","href":"https:\/\/api.w.org\/{rel}","templated":true}]}}