{"id":8700,"date":"2022-04-06T08:02:21","date_gmt":"2022-04-06T08:02:21","guid":{"rendered":"https:\/\/www.ccconcept.ch\/CC\/?post_type=product&#038;p=8700"},"modified":"2022-04-06T08:14:20","modified_gmt":"2022-04-06T08:14:20","slug":"brandt-lave-vaisselle-bdb-424-lb","status":"publish","type":"product","link":"https:\/\/www.ccconcept.ch\/CC\/produit\/brandt-lave-vaisselle-bdb-424-lb\/","title":{"rendered":"BRANDT Lave\u200b-\u200bvaisselle &#8211; BDB 424 LB"},"content":{"rendered":"<p>BRANDT<br \/>\nPartiellement int\u00e9gr\u00e9<br \/>\nNorme largeur 60 cm<br \/>\nNombre de couverts 14<br \/>\nType de porte partiellement int\u00e9gr\u00e9e<br \/>\nNiveau sonore 44 dB(A) re 1 pW<\/p>\n<p>G\u00e9n\u00e9ral<br \/>\nCouleur noir<br \/>\nMat\u00e9riau cuve int\u00e9rieure acier inox<br \/>\nEfficacit\u00e9 \u00e9nerg\u00e9tique D<br \/>\nCapacit\u00e9 de s\u00e9chage A<br \/>\nConsommation d\u2019\u00e9nergie totale pour 100 cycles 92 kWh<br \/>\nDur\u00e9e du programme \u00c9co 3:18<br \/>\nConsommation d\u2019eau par cycle 10 l<br \/>\nClasse de niveau sonore B<br \/>\nBandeau avec symboles; Commande \u00e9lectronique Display<br \/>\nBlack &#038; White Display; digital Programmes<br \/>\nProgrammes automatiques Oui<br \/>\nNombre de programmes 6<br \/>\nProgrammes sp\u00e9ciaux Intensif, Auto, 60min, Eco, verres, Rapide 40min<br \/>\nSignal de fin de programme<br \/>\nOui; optique<br \/>\nConsommation norm\u00e9e 0.92 kWh, 10 l, 195 min<br \/>\nConsommation annuelle d&#8217;\u00e9nergie 266 kWh<br \/>\nConsommation annuelle d&#8217;eau 2&#8217;800 l<br \/>\nSource d&#8217;alimentation Raccordement 230 V, PN<br \/>\nPuissance 1&#8217;930 W<br \/>\nC\u00e2ble de raccordement Oui<br \/>\nEncastrable bandeau noir<br \/>\nRaccordement eau froide<br \/>\nHauteur pieds r\u00e9glables Oui \u2013 50 mm<br \/>\nFonctions R\u00e9glage de la duret\u00e9 de l&#8217;eau Oui<br \/>\nD\u00e9part diff\u00e9r\u00e9 Oui<br \/>\nSyst\u00e8me de s\u00e9chage ouverture de porte automatique; s\u00e9chage par condensation<\/p>\n<p>Dimensions<br \/>\nHLP815-870\/598\/570<br \/>\nPoids Net 37.50 kg, Brut 44 kg<br \/>\nInstallation<br \/>\nHauteur de niche<br \/>\nEURO 820 mm \u2013 870 mm<\/p>\n","protected":false},"excerpt":{"rendered":"<p>Le lave-vaisselle parfait pour une installation avec un panneau de 535 \u00e0 550mm et une plinthe haute. <\/p>\n","protected":false},"featured_media":8701,"comment_status":"closed","ping_status":"closed","template":"","meta":{"_et_pb_use_builder":"on","_et_pb_old_content":"BRANDT\r\nPartiellement int\u00e9gr\u00e9\r\nNorme largeur 60 cm\r\nNombre de couverts 14\r\nType de porte partiellement int\u00e9gr\u00e9e\r\nNiveau sonore 44 dB(A) re 1 pW\r\n\r\nG\u00e9n\u00e9ral\r\nCouleur noir\r\nMat\u00e9riau cuve int\u00e9rieure acier inox\r\nEfficacit\u00e9 \u00e9nerg\u00e9tique D\r\nCapacit\u00e9 de s\u00e9chage A\r\nConsommation d\u2019\u00e9nergie totale pour 100 cycles 92 kWh\r\nDur\u00e9e du programme \u00c9co 3:18\r\nConsommation d\u2019eau par cycle 10 l\r\nClasse de niveau sonore B\r\nBandeau avec symboles; Commande \u00e9lectronique Display\r\nBlack & White Display; digital Programmes\r\nProgrammes automatiques Oui\r\nNombre de programmes 6\r\nProgrammes sp\u00e9ciaux Intensif, Auto, 60min, Eco, verres, Rapide 40min\r\nSignal de fin de programme\r\nOui; optique \r\nConsommation norm\u00e9e 0.92 kWh, 10 l, 195 min\r\nConsommation annuelle d'\u00e9nergie 266 kWh\r\nConsommation annuelle d'eau 2'800 l\r\nSource d'alimentation Raccordement 230 V, PN\r\nPuissance 1'930 W\r\nC\u00e2ble de raccordement Oui\r\nEncastrable bandeau noir\r\nRaccordement eau froide\r\nHauteur pieds r\u00e9glables Oui \u2013 50 mm\r\nFonctions R\u00e9glage de la duret\u00e9 de l'eau Oui\r\nD\u00e9part diff\u00e9r\u00e9 Oui\r\nSyst\u00e8me de s\u00e9chage ouverture de porte automatique; s\u00e9chage par condensation\r\n\r\nDimensions\r\nHLP815-870\/598\/570\r\nPoids Net 37.50 kg, Brut 44 kg\r\nInstallation\r\nHauteur de niche\r\nEURO 820 mm \u2013 870 mm","_et_gb_content_width":""},"product_brand":[],"product_cat":[142],"product_tag":[],"class_list":{"0":"post-8700","1":"product","2":"type-product","3":"status-publish","4":"has-post-thumbnail","6":"product_cat-lv","8":"first","9":"instock","10":"sale","11":"taxable","12":"shipping-taxable","13":"purchasable","14":"product-type-simple"},"_links":{"self":[{"href":"https:\/\/www.ccconcept.ch\/CC\/wp-json\/wp\/v2\/product\/8700","targetHints":{"allow":["GET"]}}],"collection":[{"href":"https:\/\/www.ccconcept.ch\/CC\/wp-json\/wp\/v2\/product"}],"about":[{"href":"https:\/\/www.ccconcept.ch\/CC\/wp-json\/wp\/v2\/types\/product"}],"replies":[{"embeddable":true,"href":"https:\/\/www.ccconcept.ch\/CC\/wp-json\/wp\/v2\/comments?post=8700"}],"wp:featuredmedia":[{"embeddable":true,"href":"https:\/\/www.ccconcept.ch\/CC\/wp-json\/wp\/v2\/media\/8701"}],"wp:attachment":[{"href":"https:\/\/www.ccconcept.ch\/CC\/wp-json\/wp\/v2\/media?parent=8700"}],"wp:term":[{"taxonomy":"product_brand","embeddable":true,"href":"https:\/\/www.ccconcept.ch\/CC\/wp-json\/wp\/v2\/product_brand?post=8700"},{"taxonomy":"product_cat","embeddable":true,"href":"https:\/\/www.ccconcept.ch\/CC\/wp-json\/wp\/v2\/product_cat?post=8700"},{"taxonomy":"product_tag","embeddable":true,"href":"https:\/\/www.ccconcept.ch\/CC\/wp-json\/wp\/v2\/product_tag?post=8700"}],"curies":[{"name":"wp","href":"https:\/\/api.w.org\/{rel}","templated":true}]}}