{"id":8677,"date":"2022-03-23T09:02:04","date_gmt":"2022-03-23T09:02:04","guid":{"rendered":"https:\/\/www.ccconcept.ch\/CC\/?post_type=product&#038;p=8677"},"modified":"2022-04-06T05:48:29","modified_gmt":"2022-04-06T05:48:29","slug":"climadiff-cs31b1-cave-a-vins","status":"publish","type":"product","link":"https:\/\/www.ccconcept.ch\/CC\/produit\/climadiff-cs31b1-cave-a-vins\/","title":{"rendered":"CLIMADIFF CS31B1 Cave \u00e0 vins"},"content":{"rendered":"<p>GENERAL<br \/>\nType Cave \u00e0 vin<br \/>\nConstruction Pose libre<br \/>\nType de cave Service<br \/>\nClasse d&#8217;efficacit\u00e9 \u00e9nerg\u00e9tique G<br \/>\nNombre de bouteilles stock\u00e9es 31<br \/>\nClasse climatique\tSN. Cet appareil est con\u00e7u pour \u00eatre utilis\u00e9 \u00e0 une temp\u00e9rature ambiante comprise entre 10\u00b0C et 32\u00b0C<br \/>\nType de froid Brass\u00e9<br \/>\nConnect\u00e9 Non<br \/>\nNbre zone(s) de temp\u00e9ratures 1<br \/>\nT\u00b0C interne min. (\u00b0C)\t5<br \/>\nT\u00b0C interne max. (\u00b0C)\t20<br \/>\nCouleur\tNoir<br \/>\nFONCTIONS<br \/>\nSyst\u00e8me anti-vibrations Oui<br \/>\nSyst\u00e8me hygrom\u00e9trique Oui<br \/>\nAlerte variation temp\u00e9rature Oui<br \/>\nType d&#8217;alarme temp\u00e9rature Visuelle et sonore<br \/>\nAutre(s)\tS\u00e9curit\u00e9 enfants<br \/>\nEQUIPEMENTS<br \/>\nType de porte Vitr\u00e9e<br \/>\nPorte trait\u00e9e anti-UV Oui<br \/>\nEclairage int\u00e9rieur LED<br \/>\nNature clayette(s) Fil d&#8217;acier<br \/>\nECRAN &#038; AFFICHAGE<br \/>\nAffichage de la T\u00b0C Oui<br \/>\nType de thermom\u00e8tre Ext\u00e9rieur<br \/>\nType d&#8217;affichage Digital<\/p>\n<p>DIMENSIONS &#038; POIDS<br \/>\nHauteur (cm) 63<br \/>\nLargeur (cm) 40<br \/>\nProfondeur (cm) 54<br \/>\nPoids (kg) 23<\/p>\n<p>NORMES EUROPEENNES (Mars 2021)<br \/>\nIEE 178<br \/>\nClasse d&#8217;efficacit\u00e9 \u00e9nerg\u00e9tique G<br \/>\nNombre de bouteilles stock\u00e9es 31<br \/>\nEnergie annuelle (kWh\/an) 142<br \/>\nVolume total net (L) 66<br \/>\nEmissions de bruit acoustique dans l&#8217;air (dB(A)) 42<br \/>\nClasse d&#8217;\u00e9mission de bruit acoustique dans l&#8217;air D<br \/>\nClasse climatique\tSN. Cet appareil est con\u00e7u pour \u00eatre utilis\u00e9 \u00e0 une temp\u00e9rature ambiante comprise entre 10\u00b0C et 32\u00b0C<br \/>\nR\u00e9glage hiver Non<br \/>\nType de source lumineuse\tLED<\/p>\n","protected":false},"excerpt":{"rendered":"<p>Une cave \u00e0 vins parfaite pour vos bouteilles de qualit\u00e9. <\/p>\n","protected":false},"featured_media":8678,"comment_status":"closed","ping_status":"closed","template":"","meta":{"_et_pb_use_builder":"","_et_pb_old_content":"","_et_gb_content_width":""},"product_brand":[],"product_cat":[88],"product_tag":[],"class_list":{"0":"post-8677","1":"product","2":"type-product","3":"status-publish","4":"has-post-thumbnail","6":"product_cat-caves-a-vin","8":"first","9":"instock","10":"sale","11":"taxable","12":"shipping-taxable","13":"purchasable","14":"product-type-simple"},"_links":{"self":[{"href":"https:\/\/www.ccconcept.ch\/CC\/wp-json\/wp\/v2\/product\/8677","targetHints":{"allow":["GET"]}}],"collection":[{"href":"https:\/\/www.ccconcept.ch\/CC\/wp-json\/wp\/v2\/product"}],"about":[{"href":"https:\/\/www.ccconcept.ch\/CC\/wp-json\/wp\/v2\/types\/product"}],"replies":[{"embeddable":true,"href":"https:\/\/www.ccconcept.ch\/CC\/wp-json\/wp\/v2\/comments?post=8677"}],"wp:featuredmedia":[{"embeddable":true,"href":"https:\/\/www.ccconcept.ch\/CC\/wp-json\/wp\/v2\/media\/8678"}],"wp:attachment":[{"href":"https:\/\/www.ccconcept.ch\/CC\/wp-json\/wp\/v2\/media?parent=8677"}],"wp:term":[{"taxonomy":"product_brand","embeddable":true,"href":"https:\/\/www.ccconcept.ch\/CC\/wp-json\/wp\/v2\/product_brand?post=8677"},{"taxonomy":"product_cat","embeddable":true,"href":"https:\/\/www.ccconcept.ch\/CC\/wp-json\/wp\/v2\/product_cat?post=8677"},{"taxonomy":"product_tag","embeddable":true,"href":"https:\/\/www.ccconcept.ch\/CC\/wp-json\/wp\/v2\/product_tag?post=8677"}],"curies":[{"name":"wp","href":"https:\/\/api.w.org\/{rel}","templated":true}]}}