{"id":5,"date":"2009-07-02T07:10:14","date_gmt":"2009-07-02T07:10:14","guid":{"rendered":"http:\/\/www.ccconcept.ch\/CC\/?page_id=4"},"modified":"2024-06-25T05:15:40","modified_gmt":"2024-06-25T05:15:40","slug":"home","status":"publish","type":"page","link":"https:\/\/www.ccconcept.ch\/CC\/","title":{"rendered":"Accueil"},"content":{"rendered":"<p>[et_pb_section fb_built=&#8221;1&#8243; custom_padding_last_edited=&#8221;on|desktop&#8221; next_background_color=&#8221;#ffffff&#8221; admin_label=&#8221;Section&#8221; _builder_version=&#8221;4.16&#8243; background_color=&#8221;#0c71c3&#8243; use_background_color_gradient=&#8221;on&#8221; background_color_gradient_direction=&#8221;43deg&#8221; background_color_gradient_stops=&#8221;rgba(0,0,0,0.08) 39%|rgba(255,255,255,0) 100%&#8221; background_color_gradient_overlays_image=&#8221;on&#8221; background_color_gradient_start=&#8221;rgba(0,0,0,0.08)&#8221; background_color_gradient_start_position=&#8221;39%&#8221; background_color_gradient_end=&#8221;rgba(255,255,255,0)&#8221; background_image=&#8221;https:\/\/www.ccconcept.ch\/CC\/wp-content\/uploads\/2023\/08\/Fond-base-Site-2023-CC-Concept-SA.jpg&#8221; background_blend=&#8221;multiply&#8221; custom_padding_tablet=&#8221;50px|0|50px|0&#8243; custom_padding_phone=&#8221;&#8221; bottom_divider_style=&#8221;curve2&#8243; bottom_divider_height=&#8221;32px&#8221; padding_mobile=&#8221;off&#8221; global_colors_info=&#8221;{}&#8221;][et_pb_row column_structure=&#8221;1_4,1_2,1_4&#8243; column_padding_mobile=&#8221;on&#8221; admin_label=&#8221;Ligne&#8221; module_class=&#8221; et_pb_row_fullwidth&#8221; _builder_version=&#8221;4.25.2&#8243; background_size=&#8221;initial&#8221; background_position=&#8221;top_left&#8221; background_repeat=&#8221;repeat&#8221; width=&#8221;89%&#8221; width_tablet=&#8221;80%&#8221; width_phone=&#8221;&#8221; width_last_edited=&#8221;on|desktop&#8221; max_width=&#8221;89%&#8221; max_width_tablet=&#8221;80%&#8221; max_width_phone=&#8221;&#8221; max_width_last_edited=&#8221;on|desktop&#8221; custom_padding=&#8221;100px|0px|100|0px&#8221; make_fullwidth=&#8221;on&#8221; global_colors_info=&#8221;{}&#8221;][et_pb_column type=&#8221;1_4&#8243; _builder_version=&#8221;4.16&#8243; custom_padding=&#8221;|||&#8221; global_colors_info=&#8221;{}&#8221; custom_padding__hover=&#8221;|||&#8221;][\/et_pb_column][et_pb_column type=&#8221;1_2&#8243; _builder_version=&#8221;4.16&#8243; custom_padding=&#8221;|||&#8221; global_colors_info=&#8221;{}&#8221; custom_padding__hover=&#8221;|||&#8221;][et_pb_text admin_label=&#8221;Texte&#8221; _builder_version=&#8221;4.16&#8243; text_font=&#8221;|700|||||||&#8221; text_text_color=&#8221;#ffffff&#8221; text_font_size=&#8221;21px&#8221; header_font=&#8221;|700|||||||&#8221; header_text_color=&#8221;#bd0926&#8243; header_font_size=&#8221;41px&#8221; background_color=&#8221;rgba(255,255,255,0.58)&#8221; custom_margin=&#8221;|||&#8221; custom_padding=&#8221;30px|20px|30px|20px&#8221; global_colors_info=&#8221;{}&#8221;]<\/p>\n<h1 style=\"text-align: center;\">Menagez-vous, contactez-nous!<\/h1>\n<h2 style=\"text-align: center;\"><strong><span style=\"font-family: inherit;\"><span style=\"color: #e00b00;\">CC <span style=\"color: #666666;\">Concept<\/span>\u00a0<\/span>\u00a0<span style=\"color: rgba(0, 0, 0, 0.58);\"><span style=\"color: rgba(0, 0, 0, 0.75);\">Vaud et Valais,<\/span> <span style=\"color: #e00b00;\">2<\/span> <span style=\"color: rgba(255, 255, 255, 0.82);\"><span style=\"color: rgba(0, 0, 0, 0.82);\">succursales<\/span> <span style=\"color: rgba(0, 0, 0, 0.82);\">depuis <span style=\"color: rgba(224, 43, 32, 0.82);\">15 ans<\/span> \u00e0 votre service et celui de vos appareils \u00e9lectrom\u00e9nagers, cuisines et buanderies. Toutes marques&#8230;<\/span><\/span><\/span><span style=\"color: rgba(255, 255, 255, 0.71);\">\u00a0<\/span><\/span><\/strong><\/h2>\n<p>[\/et_pb_text][\/et_pb_column][et_pb_column type=&#8221;1_4&#8243; _builder_version=&#8221;4.16&#8243; custom_padding=&#8221;|||&#8221; global_colors_info=&#8221;{}&#8221; custom_padding__hover=&#8221;|||&#8221;][\/et_pb_column][\/et_pb_row][\/et_pb_section][et_pb_section fb_built=&#8221;1&#8243; custom_padding_last_edited=&#8221;on|desktop&#8221; admin_label=&#8221;Section&#8221; module_id=&#8221;dc-home-call&#8221; _builder_version=&#8221;4.16&#8243; custom_padding_tablet=&#8221;50px|0|50px|0&#8243; custom_padding_phone=&#8221;&#8221; padding_mobile=&#8221;off&#8221; global_colors_info=&#8221;{}&#8221;][et_pb_row column_structure=&#8221;1_3,1_3,1_3&#8243; padding_mobile=&#8221;off&#8221; column_padding_mobile=&#8221;on&#8221; admin_label=&#8221;Ligne&#8221; _builder_version=&#8221;4.16&#8243; background_size=&#8221;initial&#8221; background_position=&#8221;top_left&#8221; background_repeat=&#8221;repeat&#8221; global_colors_info=&#8221;{}&#8221;][et_pb_column type=&#8221;1_3&#8243; _builder_version=&#8221;4.16&#8243; custom_padding=&#8221;|||&#8221; global_colors_info=&#8221;{}&#8221; custom_padding__hover=&#8221;|||&#8221;][et_pb_blurb title=&#8221;Entretien et r\u00e9paration&#8221; url=&#8221;https:\/\/www.ccconcept.ch\/CC\/contacts\/&#8221; use_icon=&#8221;on&#8221; font_icon=&#8221;&#xe035;||divi||400&#8243; image_icon_background_color=&#8221;#ffffff&#8221; image_icon_width=&#8221;48px&#8221; admin_label=&#8221;R\u00e9sum\u00e9&#8221; _builder_version=&#8221;4.16&#8243; background_size=&#8221;initial&#8221; background_position=&#8221;top_left&#8221; background_repeat=&#8221;repeat&#8221; image_icon_custom_padding=&#8221;25px|25px|25px|25px|false|false&#8221; text_orientation=&#8221;center&#8221; animation=&#8221;off&#8221; border_radii_image=&#8221;on|100%|100%|100%|100%&#8221; border_width_all_image=&#8221;3px&#8221; border_color_all_image=&#8221;#bd0926&#8243; use_circle=&#8221;on&#8221; use_circle_border=&#8221;on&#8221; circle_color=&#8221;#ffffff&#8221; global_colors_info=&#8221;{}&#8221; image_icon_background_color__sticky_enabled=&#8221;#bd0926&#8243; image_icon_background_color__sticky=&#8221;#bd0926&#8243;]<\/p>\n<p><strong>Services rapides assur\u00e9s sous 48 heures,<\/strong> interventions r\u00e9alis\u00e9es avec soins par des professionnels, offre de remplacement pr\u00e9cises, gamme compl\u00e8te, prestations personnalis\u00e9es, r\u00e9alisation de vos projets depuis de nombreuses ann\u00e9es dans ce domaine passionnant.<\/p>\n<p>[\/et_pb_blurb][\/et_pb_column][et_pb_column type=&#8221;1_3&#8243; _builder_version=&#8221;4.16&#8243; custom_padding=&#8221;|||&#8221; global_colors_info=&#8221;{}&#8221; custom_padding__hover=&#8221;|||&#8221;][et_pb_blurb title=&#8221;Informations et conseils&#8221; url=&#8221;https:\/\/www.ccconcept.ch\/CC\/contacts\/&#8221; use_icon=&#8221;on&#8221; font_icon=&#8221;&#xe007;||divi||400&#8243; image_icon_background_color=&#8221;#ffffff&#8221; image_icon_width=&#8221;48px&#8221; admin_label=&#8221;R\u00e9sum\u00e9&#8221; _builder_version=&#8221;4.16&#8243; background_size=&#8221;initial&#8221; background_position=&#8221;top_left&#8221; background_repeat=&#8221;repeat&#8221; image_icon_custom_padding=&#8221;25px|25px|25px|25px|false|false&#8221; text_orientation=&#8221;center&#8221; animation=&#8221;off&#8221; border_radii_image=&#8221;on|100%|100%|100%|100%&#8221; border_width_all_image=&#8221;3px&#8221; border_color_all_image=&#8221;#bd0926&#8243; use_circle=&#8221;on&#8221; use_circle_border=&#8221;on&#8221; circle_color=&#8221;#ffffff&#8221; global_colors_info=&#8221;{}&#8221; image_icon_background_color__sticky_enabled=&#8221;#bd0926&#8243; image_icon_background_color__sticky=&#8221;#bd0926&#8243;]<\/p>\n<p>Pour r\u00e9pondre aux demandes exigeantes des professionnels de l&#8217;immobilier, <strong><span style=\"color: #e00b00;\">CC<\/span><\/strong> Concept SA a \u00e9t\u00e9 cr\u00e9e en 2009. L&#8217;objectif, vous faire b\u00e9n\u00e9ficier de l&#8217;entretien, des r\u00e9parations et d&#8217;un choix lors des \u00e9changes. Services et produits aux meilleurs prix. <strong>Toutes les marques d&#8217;\u00e9lectrom\u00e9nager pour vos cuisines et buanderies.<\/strong><\/p>\n<p>[\/et_pb_blurb][\/et_pb_column][et_pb_column type=&#8221;1_3&#8243; _builder_version=&#8221;4.16&#8243; custom_padding=&#8221;|||&#8221; global_colors_info=&#8221;{}&#8221; custom_padding__hover=&#8221;|||&#8221;][et_pb_blurb title=&#8221;Ventes et Livraisons&#8221; url=&#8221;https:\/\/www.ccconcept.ch\/CC\/contacts\/&#8221; use_icon=&#8221;on&#8221; font_icon=&#8221;&#xe009;||divi||400&#8243; image_icon_background_color=&#8221;#ffffff&#8221; image_icon_width=&#8221;48px&#8221; admin_label=&#8221;R\u00e9sum\u00e9&#8221; _builder_version=&#8221;4.16&#8243; background_size=&#8221;initial&#8221; background_position=&#8221;top_left&#8221; background_repeat=&#8221;repeat&#8221; image_icon_custom_padding=&#8221;25px|25px|25px|25px|false|false&#8221; text_orientation=&#8221;center&#8221; animation=&#8221;off&#8221; border_radii_image=&#8221;on|100%|100%|100%|100%&#8221; border_width_all_image=&#8221;3px&#8221; border_color_all_image=&#8221;#bd0926&#8243; use_circle=&#8221;on&#8221; use_circle_border=&#8221;on&#8221; circle_color=&#8221;#ffffff&#8221; global_colors_info=&#8221;{}&#8221; image_icon_background_color__sticky_enabled=&#8221;#bd0926&#8243; image_icon_background_color__sticky=&#8221;#bd0926&#8243;]<\/p>\n<p><strong>Achet\u00e9, livr\u00e9, install\u00e9<\/strong> \u2013 Avec nos v\u00e9hicules d&#8217;interventions, vous pouvez compter sur des livraisons rapides et fiables. Les v\u00e9hicules sont \u00e9quip\u00e9s de pi\u00e8ces de rechanges pour les r\u00e9parations courantes. Un v\u00e9hicule au plafonnier plus haut permet la mise en service des r\u00e9frig\u00e9rateurs de grande taille.<\/p>\n<p>[\/et_pb_blurb][\/et_pb_column][\/et_pb_row][\/et_pb_section][et_pb_section fb_built=&#8221;1&#8243; custom_padding_last_edited=&#8221;on|desktop&#8221; admin_label=&#8221;Section&#8221; _builder_version=&#8221;4.16&#8243; background_color=&#8221;#f7f7f7&#8243; custom_padding_tablet=&#8221;50px|0|50px|0&#8243; custom_padding_phone=&#8221;&#8221; padding_mobile=&#8221;off&#8221; global_colors_info=&#8221;{}&#8221;][et_pb_row padding_mobile=&#8221;off&#8221; column_padding_mobile=&#8221;on&#8221; admin_label=&#8221;Ligne&#8221; _builder_version=&#8221;4.16&#8243; background_size=&#8221;initial&#8221; background_position=&#8221;top_left&#8221; background_repeat=&#8221;repeat&#8221; global_colors_info=&#8221;{}&#8221;][et_pb_column type=&#8221;4_4&#8243; _builder_version=&#8221;4.16&#8243; custom_padding=&#8221;|||&#8221; global_colors_info=&#8221;{}&#8221; custom_padding__hover=&#8221;|||&#8221;][et_pb_shop posts_number=&#8221;4&#8243; columns_number=&#8221;4&#8243; admin_label=&#8221;Boutique&#8221; _builder_version=&#8221;4.16&#8243; global_colors_info=&#8221;{}&#8221;][\/et_pb_shop][\/et_pb_column][\/et_pb_row][\/et_pb_section][et_pb_section fb_built=&#8221;1&#8243; custom_padding_last_edited=&#8221;on|desktop&#8221; admin_label=&#8221;Section&#8221; _builder_version=&#8221;4.16&#8243; background_color=&#8221;#bd0926&#8243; custom_padding_tablet=&#8221;50px|0|50px|0&#8243; custom_padding_phone=&#8221;&#8221; padding_mobile=&#8221;off&#8221; global_colors_info=&#8221;{}&#8221;][et_pb_row padding_mobile=&#8221;off&#8221; column_padding_mobile=&#8221;on&#8221; admin_label=&#8221;Ligne&#8221; _builder_version=&#8221;4.16&#8243; background_size=&#8221;initial&#8221; background_position=&#8221;top_left&#8221; background_repeat=&#8221;repeat&#8221; global_colors_info=&#8221;{}&#8221;][et_pb_column type=&#8221;4_4&#8243; _builder_version=&#8221;4.16&#8243; custom_padding=&#8221;|||&#8221; global_colors_info=&#8221;{}&#8221; custom_padding__hover=&#8221;|||&#8221;][et_pb_cta title=&#8221;Faire le bon choix&#8221; button_url=&#8221;https:\/\/www.ccconcept.ch\/CC\/bien-choisir-2\/&#8221; button_text=&#8221;Nous vous aidons!&#8221; admin_label=&#8221;Appel d&#8217;action&#8221; _builder_version=&#8221;4.16&#8243; background_size=&#8221;initial&#8221; background_position=&#8221;top_left&#8221; background_repeat=&#8221;repeat&#8221; global_colors_info=&#8221;{}&#8221; button_text_size__hover_enabled=&#8221;off&#8221; button_one_text_size__hover_enabled=&#8221;off&#8221; button_two_text_size__hover_enabled=&#8221;off&#8221; button_text_color__hover_enabled=&#8221;off&#8221; button_one_text_color__hover_enabled=&#8221;off&#8221; button_two_text_color__hover_enabled=&#8221;off&#8221; button_border_width__hover_enabled=&#8221;off&#8221; button_one_border_width__hover_enabled=&#8221;off&#8221; button_two_border_width__hover_enabled=&#8221;off&#8221; button_border_color__hover_enabled=&#8221;off&#8221; button_one_border_color__hover_enabled=&#8221;off&#8221; button_two_border_color__hover_enabled=&#8221;off&#8221; button_border_radius__hover_enabled=&#8221;off&#8221; button_one_border_radius__hover_enabled=&#8221;off&#8221; button_two_border_radius__hover_enabled=&#8221;off&#8221; button_letter_spacing__hover_enabled=&#8221;off&#8221; button_one_letter_spacing__hover_enabled=&#8221;off&#8221; button_two_letter_spacing__hover_enabled=&#8221;off&#8221; button_bg_color__hover_enabled=&#8221;off&#8221; button_one_bg_color__hover_enabled=&#8221;off&#8221; button_two_bg_color__hover_enabled=&#8221;off&#8221;]<\/p>\n<h3>Du r\u00e9frig\u00e9rateur \u00e0 la caves \u00e0 vin, en passant par les appareils de buanderies. L\u2019\u00e9lectrom\u00e9nager est un vaste march\u00e9. il est souvent difficile de se rep\u00e9rer ou de d\u00e9nicher les produits les plus int\u00e9ressants!<\/h3>\n<h3><\/h3>\n<p>[\/et_pb_cta][\/et_pb_column][\/et_pb_row][\/et_pb_section][et_pb_section fb_built=&#8221;1&#8243; custom_padding_last_edited=&#8221;on|desktop&#8221; admin_label=&#8221;Section&#8221; _builder_version=&#8221;4.16&#8243; custom_padding_tablet=&#8221;50px|0|50px|0&#8243; custom_padding_phone=&#8221;&#8221; padding_mobile=&#8221;off&#8221; global_colors_info=&#8221;{}&#8221;][et_pb_row padding_mobile=&#8221;off&#8221; column_padding_mobile=&#8221;on&#8221; admin_label=&#8221;Ligne&#8221; _builder_version=&#8221;4.16&#8243; background_size=&#8221;initial&#8221; background_position=&#8221;top_left&#8221; background_repeat=&#8221;repeat&#8221; global_colors_info=&#8221;{}&#8221;][et_pb_column type=&#8221;4_4&#8243; _builder_version=&#8221;4.16&#8243; custom_padding=&#8221;|||&#8221; global_colors_info=&#8221;{}&#8221; custom_padding__hover=&#8221;|||&#8221;][et_pb_text admin_label=&#8221;Texte&#8221; _builder_version=&#8221;4.16&#8243; background_size=&#8221;initial&#8221; background_position=&#8221;top_left&#8221; background_repeat=&#8221;repeat&#8221; text_orientation=&#8221;center&#8221; module_alignment=&#8221;center&#8221; global_colors_info=&#8221;{}&#8221;]<\/p>\n<h2>CC Concept SA, r\u00e9actif et comp\u00e9titif depuis 2009\u2026<\/h2>\n<p>CC Concept SA a pour mission de pr\u00e9senter les derni\u00e8res tendances et les produits pertinents qui vous sont destin\u00e9es \u00e0 vous utilisateurs, ou \u00e0 vous g\u00e9rants immobiliers. N\u2019h\u00e9sitez pas \u00e0 nous contacter pour des devis comparatifs ou pour des questions techniques, tout sera mis en \u0153uvre pour vous donner satisfaction !<br \/>\nInternet propose souvent des tarifs attractifs, nous proposons \u00e9galement cela mais avec des conseils personnalis\u00e9s et pr\u00e9cis.<\/p>\n<p>\u00a0<\/p>\n<p>[\/et_pb_text][et_pb_button button_url=&#8221;https:\/\/www.ccconcept.ch\/CC\/contact\/&#8221; button_text=&#8221;M\u00e9nagez-vous, contactez-nous?&#8221; button_alignment=&#8221;center&#8221; admin_label=&#8221;Bouton&#8221; _builder_version=&#8221;4.16&#8243; custom_button=&#8221;on&#8221; button_text_color=&#8221;#bd0926&#8243; button_border_color=&#8221;#bd0926&#8243; button_icon=&#8221;&#xe090;||divi||400&#8243; button_on_hover=&#8221;off&#8221; global_colors_info=&#8221;{}&#8221; button_text_size__hover_enabled=&#8221;off&#8221; button_one_text_size__hover_enabled=&#8221;off&#8221; button_two_text_size__hover_enabled=&#8221;off&#8221; button_text_color__hover_enabled=&#8221;off&#8221; button_one_text_color__hover_enabled=&#8221;off&#8221; button_two_text_color__hover_enabled=&#8221;off&#8221; button_border_width__hover_enabled=&#8221;off&#8221; button_one_border_width__hover_enabled=&#8221;off&#8221; button_two_border_width__hover_enabled=&#8221;off&#8221; button_border_color__hover_enabled=&#8221;off&#8221; button_one_border_color__hover_enabled=&#8221;off&#8221; button_two_border_color__hover_enabled=&#8221;off&#8221; button_border_radius__hover_enabled=&#8221;off&#8221; button_one_border_radius__hover_enabled=&#8221;off&#8221; button_two_border_radius__hover_enabled=&#8221;off&#8221; button_letter_spacing__hover_enabled=&#8221;off&#8221; button_one_letter_spacing__hover_enabled=&#8221;off&#8221; button_two_letter_spacing__hover_enabled=&#8221;off&#8221; button_bg_color__hover_enabled=&#8221;off&#8221; button_one_bg_color__hover_enabled=&#8221;off&#8221; button_two_bg_color__hover_enabled=&#8221;off&#8221;][\/et_pb_button][\/et_pb_column][\/et_pb_row][\/et_pb_section]<\/p>\n","protected":false},"excerpt":{"rendered":"<p>Menagez-vous, contactez-nous! CC Concept\u00a0\u00a0Vaud et Valais, 2 succursales depuis 15 ans \u00e0 votre service et celui de vos appareils \u00e9lectrom\u00e9nagers, cuisines et buanderies. Toutes marques&#8230;\u00a0Services rapides assur\u00e9s sous 48 heures, interventions r\u00e9alis\u00e9es avec soins par des professionnels, offre de remplacement pr\u00e9cises, gamme compl\u00e8te, prestations personnalis\u00e9es, r\u00e9alisation de vos projets depuis de nombreuses ann\u00e9es dans ce [&hellip;]<\/p>\n","protected":false},"author":1,"featured_media":0,"parent":0,"menu_order":0,"comment_status":"closed","ping_status":"closed","template":"","meta":{"_et_pb_use_builder":"on","_et_pb_old_content":"<p>L\u2019\u00e9lectrom\u00e9nager est un vaste march\u00e9. Du r\u00e9frig\u00e9rateur, caves \u00e0 vin, en passant par les cong\u00e9lateurs, les appareils de buanderies, et tant d\u2019autres produits il est souvent difficile de se rep\u00e9rer ou de d\u00e9nicher les produits les plus int\u00e9ressants !<br \/> CC Concept SA a pour mission de pr\u00e9senter les derni\u00e8res tendances et les produits pertinents qui vous sont destin\u00e9es \u00e0 vous utilisateurs, ou \u00e0 vous g\u00e9rants immobiliers. N\u2019h\u00e9sitez pas \u00e0 nous contacter pour des devis comparatifs ou pour des questions techniques, tout sera mis en \u0153uvre pour vous donner satisfaction !<br \/> Internet propose souvent des tarifs attractifs, nous proposons \u00e9galement cela mais avec des conseils personnalis\u00e9s et pr\u00e9cis.<\/p><p>Renvoyer un t\u00e9l\u00e9phone portable, ou un petit appareil par la poste reste simple. Lorsqu'il s\u2019agit d\u2019un appareil \u00e9lectrom\u00e9nager de grande taille qui devait \u00eatre install\u00e9 dans la cuisine ou la buanderie, le choix devient plus audacieux...<br \/> >> M\u00e9nagez-vous, contactez-nous<\/p><p>CC Concept SA, r\u00e9actif et comp\u00e9titif depuis 2009...<br \/> [wooslider slide_page=\"home-2\" slider_type=\"slides\" layout=\"text-bottom\" limit=\"4\" thumbnails=\"default\" display_title=\"true\" imageslide=\"true\" order=\"DESC\" order_by=\"date\"]<br \/> <span style=\"line-height: 1.5em;\">\u00a0<\/span><\/p>","_et_gb_content_width":"","footnotes":""},"class_list":["post-5","page","type-page","status-publish","hentry"],"_links":{"self":[{"href":"https:\/\/www.ccconcept.ch\/CC\/wp-json\/wp\/v2\/pages\/5","targetHints":{"allow":["GET"]}}],"collection":[{"href":"https:\/\/www.ccconcept.ch\/CC\/wp-json\/wp\/v2\/pages"}],"about":[{"href":"https:\/\/www.ccconcept.ch\/CC\/wp-json\/wp\/v2\/types\/page"}],"author":[{"embeddable":true,"href":"https:\/\/www.ccconcept.ch\/CC\/wp-json\/wp\/v2\/users\/1"}],"replies":[{"embeddable":true,"href":"https:\/\/www.ccconcept.ch\/CC\/wp-json\/wp\/v2\/comments?post=5"}],"version-history":[{"count":8,"href":"https:\/\/www.ccconcept.ch\/CC\/wp-json\/wp\/v2\/pages\/5\/revisions"}],"predecessor-version":[{"id":8734,"href":"https:\/\/www.ccconcept.ch\/CC\/wp-json\/wp\/v2\/pages\/5\/revisions\/8734"}],"wp:attachment":[{"href":"https:\/\/www.ccconcept.ch\/CC\/wp-json\/wp\/v2\/media?parent=5"}],"curies":[{"name":"wp","href":"https:\/\/api.w.org\/{rel}","templated":true}]}}