{"id":25,"date":"2009-07-01T19:48:52","date_gmt":"2009-07-01T19:48:52","guid":{"rendered":"http:\/\/www.ccconcept.ch\/CC\/?page_id=25"},"modified":"2015-08-18T06:58:44","modified_gmt":"2015-08-18T06:58:44","slug":"bien-choisir-pour-le-vin","status":"publish","type":"page","link":"https:\/\/www.ccconcept.ch\/CC\/bien-choisir-2\/bien-choisir-pour-le-vin\/","title":{"rendered":"Cave \u00e0 Vins"},"content":{"rendered":"<h2>Pour bien choisir sa <span style=\"color: #ff0000;\">Cave \u00e0 vin<\/span> en Pose libre<\/h2>\n<h3><a href=\"http:\/\/www.ccconcept.ch\/CC\/wp-content\/uploads\/2009\/07\/Cave-\u00e0-vins-3.jpg\"><img loading=\"lazy\" decoding=\"async\" class=\"alignnone  wp-image-1561\" title=\"Cave \u00e0 vins 3\" src=\"http:\/\/www.ccconcept.ch\/CC\/wp-content\/uploads\/2009\/07\/Cave-\u00e0-vins-3.jpg\" alt=\"\" width=\"600\" height=\"200\" \/><\/a><\/h3>\n<h3>La Cave De Vieillissement<\/h3>\n<p>Elle\u00a0permet \u00e0 un vin dont la fermentation est achev\u00e9e de vieillir en attendant sa maturit\u00e9.<br \/>\nImportant de le mettre \u00e0 l&#8217;abri de la lumi\u00e8re et de la chaleur.\u00a0Eviter les vibrations qui soul\u00e8veraient continuellement le d\u00e9p\u00f4t au fond de la bouteille.<\/p>\n<h3>La Cave de Mise en Temp\u00e9rature<\/h3>\n<p>La bonne temp\u00e9rature d\u00e9cide du go\u00fbt du vin et donc de votre plaisir. La cave de mise en temp\u00e9rature adapte l&#8217;atmosph\u00e8re pour permettre de d\u00e9velopper pleinement la maturit\u00e9 et le go\u00fbt.<\/p>\n<h3>Porte vitr\u00e9e ou pleine<\/h3>\n<p>Le choix de la porte, vitr\u00e9e, pleine d\u00e9pendra de l&#8217;emplacement et du choix de pouvoir ou non contempler vos bouteilles. La porte vitr\u00e9e est trait\u00e9e UV car le vin est sensible \u00e0 la lumi\u00e8re.<\/p>\n<h3>NOMBRE DE BOUTEILLES<\/h3>\n<p>Les caves \u00e0 vin sont disponibles en diff\u00e9rentes tailles, en fonction de vos besoins jusqu&#8217;\u00e0 plus de 250 bouteilles type Bordeaux.<\/p>\n<p><a href=\"http:\/\/www.ccconcept.ch\/CC\/wp-content\/uploads\/2009\/07\/Cave-\u00e0-vins-sous-terre.jpg\"><img loading=\"lazy\" decoding=\"async\" class=\"alignnone  wp-image-1558\" title=\"Cave \u00e0 vins sous terre\" src=\"http:\/\/www.ccconcept.ch\/CC\/wp-content\/uploads\/2009\/07\/Cave-\u00e0-vins-sous-terre.jpg\" alt=\"\" width=\"600\" height=\"240\" \/><\/a><\/p>\n","protected":false},"excerpt":{"rendered":"<p>Pour bien choisir sa Cave \u00e0 vin en Pose libre La Cave De Vieillissement Elle\u00a0permet \u00e0 un vin dont la fermentation est achev\u00e9e de vieillir en attendant sa maturit\u00e9. Important de le mettre \u00e0 l&#8217;abri de la lumi\u00e8re et de la chaleur.\u00a0Eviter les vibrations qui soul\u00e8veraient continuellement le d\u00e9p\u00f4t au fond de la bouteille. La [&hellip;]<\/p>\n","protected":false},"author":1,"featured_media":0,"parent":29,"menu_order":0,"comment_status":"closed","ping_status":"closed","template":"","meta":{"_et_pb_use_builder":"","_et_pb_old_content":"","_et_gb_content_width":"","footnotes":""},"class_list":["post-25","page","type-page","status-publish","hentry"],"_links":{"self":[{"href":"https:\/\/www.ccconcept.ch\/CC\/wp-json\/wp\/v2\/pages\/25","targetHints":{"allow":["GET"]}}],"collection":[{"href":"https:\/\/www.ccconcept.ch\/CC\/wp-json\/wp\/v2\/pages"}],"about":[{"href":"https:\/\/www.ccconcept.ch\/CC\/wp-json\/wp\/v2\/types\/page"}],"author":[{"embeddable":true,"href":"https:\/\/www.ccconcept.ch\/CC\/wp-json\/wp\/v2\/users\/1"}],"replies":[{"embeddable":true,"href":"https:\/\/www.ccconcept.ch\/CC\/wp-json\/wp\/v2\/comments?post=25"}],"version-history":[{"count":5,"href":"https:\/\/www.ccconcept.ch\/CC\/wp-json\/wp\/v2\/pages\/25\/revisions"}],"predecessor-version":[{"id":2481,"href":"https:\/\/www.ccconcept.ch\/CC\/wp-json\/wp\/v2\/pages\/25\/revisions\/2481"}],"up":[{"embeddable":true,"href":"https:\/\/www.ccconcept.ch\/CC\/wp-json\/wp\/v2\/pages\/29"}],"wp:attachment":[{"href":"https:\/\/www.ccconcept.ch\/CC\/wp-json\/wp\/v2\/media?parent=25"}],"curies":[{"name":"wp","href":"https:\/\/api.w.org\/{rel}","templated":true}]}}