{"id":2460,"date":"2015-08-18T06:13:52","date_gmt":"2015-08-18T06:13:52","guid":{"rendered":"http:\/\/www.ccconcept.ch\/CC\/?page_id=2460"},"modified":"2018-10-22T05:43:03","modified_gmt":"2018-10-22T05:43:03","slug":"menagenews","status":"publish","type":"page","link":"https:\/\/www.ccconcept.ch\/CC\/news\/menagenews\/","title":{"rendered":"M\u00e9nagez News !"},"content":{"rendered":"<p>M\u00e9nager News depuis 2011 \u00e0 ce jour&#8230; M\u00e9nagez-vous, contactez-nous !<\/p>\n<p><a href=\"http:\/\/www.ccconcept.ch\/CC\/wp-content\/uploads\/2015\/08\/M\u00e9nager-News-1-Presse.pdf\">M\u00e9nager News 1 Presse<\/a><br \/>\n<a href=\"http:\/\/www.ccconcept.ch\/CC\/wp-content\/uploads\/2015\/08\/M\u00e9nager-News-2-Presse.pdf\">M\u00e9nager News 2 Presse<\/a><br \/>\n<a href=\"http:\/\/www.ccconcept.ch\/CC\/wp-content\/uploads\/2015\/08\/M\u00e9nager-News-3-Presse.pdf\">M\u00e9nager News 3 Presse<\/a><br \/>\n<a href=\"http:\/\/www.ccconcept.ch\/CC\/wp-content\/uploads\/2015\/08\/M\u00e9nager-News-4-Presse.pdf\">M\u00e9nager News 4 Presse<\/a><br \/>\n<a href=\"http:\/\/www.ccconcept.ch\/CC\/wp-content\/uploads\/2015\/08\/M\u00e9nager-News-5-Presse.pdf\">M\u00e9nager News 5 Presse<\/a><br \/>\n<a href=\"http:\/\/www.ccconcept.ch\/CC\/wp-content\/uploads\/2015\/08\/M\u00e9nager-News-6-Presse.pdf\">M\u00e9nager News 6 Presse<\/a><br \/>\n<a href=\"http:\/\/www.ccconcept.ch\/CC\/wp-content\/uploads\/2015\/08\/M\u00e9nager-News-7-Presse.pdf\">M\u00e9nager News 7 Presse<\/a><br \/>\n<a href=\"http:\/\/www.ccconcept.ch\/CC\/wp-content\/uploads\/2015\/08\/M\u00e9nager-News-8-Presse.pdf\">M\u00e9nager News 8 Presse<\/a><br \/>\n<a href=\"http:\/\/www.ccconcept.ch\/CC\/wp-content\/uploads\/2015\/08\/M\u00e9nager-News-9-Presse.pdf\">M\u00e9nager News 9 Presse<\/a><br \/>\n<a href=\"http:\/\/www.ccconcept.ch\/CC\/wp-content\/uploads\/2017\/10\/M\u00e9nager-News-10-Presse.pdf\">M\u00e9nager News 10 Presse<\/a><br \/>\n<a href=\"http:\/\/www.ccconcept.ch\/CC\/wp-content\/uploads\/2017\/10\/M\u00e9nager-News-11-Presse.pdf\">M\u00e9nager News 11 Presse<\/a><br \/>\n<a href=\"http:\/\/www.ccconcept.ch\/CC\/wp-content\/uploads\/2017\/10\/M\u00e9nager-News-12-Presse.pdf\">M\u00e9nager News 12 Presse<\/a><br \/>\n<a href=\"http:\/\/www.ccconcept.ch\/CC\/wp-content\/uploads\/2018\/10\/M\u00e9nager-News-13-Presse.pdf\">M\u00e9nager News 13 Presse<\/a><\/p>\n","protected":false},"excerpt":{"rendered":"<p>M\u00e9nager News depuis 2011 \u00e0 ce jour&#8230; M\u00e9nagez-vous, contactez-nous ! M\u00e9nager News 1 Presse M\u00e9nager News 2 Presse M\u00e9nager News 3 Presse M\u00e9nager News 4 Presse M\u00e9nager News 5 Presse M\u00e9nager News 6 Presse M\u00e9nager News 7 Presse M\u00e9nager News 8 Presse M\u00e9nager News 9 Presse M\u00e9nager News 10 Presse M\u00e9nager News 11 Presse M\u00e9nager [&hellip;]<\/p>\n","protected":false},"author":3,"featured_media":0,"parent":2418,"menu_order":0,"comment_status":"closed","ping_status":"closed","template":"","meta":{"_et_pb_use_builder":"off","_et_pb_old_content":"M\u00e9nager News depuis 2011 \u00e0 ce jour... M\u00e9nagez-vous, contactez-nous !\r\n\r\n<a href=\"http:\/\/www.ccconcept.ch\/CC\/wp-content\/uploads\/2015\/08\/M\u00e9nager-News-1-Presse.pdf\">M\u00e9nager News 1 Presse<\/a>\r\n<a href=\"http:\/\/www.ccconcept.ch\/CC\/wp-content\/uploads\/2015\/08\/M\u00e9nager-News-2-Presse.pdf\">M\u00e9nager News 2 Presse<\/a>\r\n<a href=\"http:\/\/www.ccconcept.ch\/CC\/wp-content\/uploads\/2015\/08\/M\u00e9nager-News-3-Presse.pdf\">M\u00e9nager News 3 Presse<\/a>\r\n<a href=\"http:\/\/www.ccconcept.ch\/CC\/wp-content\/uploads\/2015\/08\/M\u00e9nager-News-4-Presse.pdf\">M\u00e9nager News 4 Presse<\/a>\r\n<a href=\"http:\/\/www.ccconcept.ch\/CC\/wp-content\/uploads\/2015\/08\/M\u00e9nager-News-5-Presse.pdf\">M\u00e9nager News 5 Presse<\/a>\r\n<a href=\"http:\/\/www.ccconcept.ch\/CC\/wp-content\/uploads\/2015\/08\/M\u00e9nager-News-6-Presse.pdf\">M\u00e9nager News 6 Presse<\/a>\r\n<a href=\"http:\/\/www.ccconcept.ch\/CC\/wp-content\/uploads\/2015\/08\/M\u00e9nager-News-7-Presse.pdf\">M\u00e9nager News 7 Presse<\/a>\r\n<a href=\"http:\/\/www.ccconcept.ch\/CC\/wp-content\/uploads\/2015\/08\/M\u00e9nager-News-8-Presse.pdf\">M\u00e9nager News 8 Presse<\/a>\r\n<a href=\"http:\/\/www.ccconcept.ch\/CC\/wp-content\/uploads\/2015\/08\/M\u00e9nager-News-9-Presse.pdf\">M\u00e9nager News 9 Presse<\/a>\r\n<a href=\"http:\/\/www.ccconcept.ch\/CC\/wp-content\/uploads\/2017\/10\/M\u00e9nager-News-10-Presse.pdf\">M\u00e9nager News 10 Presse<\/a>\r\n<a href=\"http:\/\/www.ccconcept.ch\/CC\/wp-content\/uploads\/2017\/10\/M\u00e9nager-News-11-Presse.pdf\">M\u00e9nager News 11 Presse<\/a>\r\n<a href=\"http:\/\/www.ccconcept.ch\/CC\/wp-content\/uploads\/2017\/10\/M\u00e9nager-News-12-Presse.pdf\">M\u00e9nager News 12 Presse<\/a>\r\nhttp:\/\/www.ccconcept.ch\/CC\/wp-content\/uploads\/2018\/10\/M\u00e9nager-News-n\u00b013.pdf","_et_gb_content_width":"","footnotes":""},"class_list":["post-2460","page","type-page","status-publish","hentry"],"_links":{"self":[{"href":"https:\/\/www.ccconcept.ch\/CC\/wp-json\/wp\/v2\/pages\/2460","targetHints":{"allow":["GET"]}}],"collection":[{"href":"https:\/\/www.ccconcept.ch\/CC\/wp-json\/wp\/v2\/pages"}],"about":[{"href":"https:\/\/www.ccconcept.ch\/CC\/wp-json\/wp\/v2\/types\/page"}],"author":[{"embeddable":true,"href":"https:\/\/www.ccconcept.ch\/CC\/wp-json\/wp\/v2\/users\/3"}],"replies":[{"embeddable":true,"href":"https:\/\/www.ccconcept.ch\/CC\/wp-json\/wp\/v2\/comments?post=2460"}],"version-history":[{"count":5,"href":"https:\/\/www.ccconcept.ch\/CC\/wp-json\/wp\/v2\/pages\/2460\/revisions"}],"predecessor-version":[{"id":2963,"href":"https:\/\/www.ccconcept.ch\/CC\/wp-json\/wp\/v2\/pages\/2460\/revisions\/2963"}],"up":[{"embeddable":true,"href":"https:\/\/www.ccconcept.ch\/CC\/wp-json\/wp\/v2\/pages\/2418"}],"wp:attachment":[{"href":"https:\/\/www.ccconcept.ch\/CC\/wp-json\/wp\/v2\/media?parent=2460"}],"curies":[{"name":"wp","href":"https:\/\/api.w.org\/{rel}","templated":true}]}}