{"id":1726,"date":"2013-06-17T06:28:34","date_gmt":"2013-06-17T06:28:34","guid":{"rendered":"http:\/\/www.ccconcept.ch\/CC\/?page_id=1726"},"modified":"2019-07-03T14:18:51","modified_gmt":"2019-07-03T14:18:51","slug":"un-peu-sur-nous","status":"publish","type":"page","link":"https:\/\/www.ccconcept.ch\/CC\/information\/un-peu-sur-nous\/","title":{"rendered":"Un peu +"},"content":{"rendered":"<p>[et_pb_section fb_built=&#8221;1&#8243; admin_label=&#8221;section&#8221; _builder_version=&#8221;3.22.3&#8243;][et_pb_row _builder_version=&#8221;3.25.3&#8243;][et_pb_column type=&#8221;4_4&#8243; _builder_version=&#8221;3.25&#8243; custom_padding=&#8221;|||&#8221; custom_padding__hover=&#8221;|||&#8221;][et_pb_slider _builder_version=&#8221;3.25.3&#8243; header_font=&#8221;||||||||&#8221; header_font_size=&#8221;31px&#8221; body_font=&#8221;||||||||&#8221; body_font_size=&#8221;19px&#8221; background_color=&#8221;#ffffff&#8221;][et_pb_slide heading=&#8221;Cr\u00e9ation en 2009 dans un garage &#8221; _builder_version=&#8221;3.25.3&#8243; header_font=&#8221;||||||||&#8221; header_text_color=&#8221;#ffffff&#8221; header_font_size=&#8221;30px&#8221; header_text_shadow_style=&#8221;preset4&#8243; background_image=&#8221;https:\/\/www.ccconcept.ch\/CC\/wp-content\/uploads\/2013\/11\/CC-Concept-SA-Vaud-2009-e1549302406345.jpg&#8221; border_radii_image=&#8221;on||||&#8221;][\/et_pb_slide][et_pb_slide heading=&#8221;Une prise en charge de marchandise surprenante&#8221; _builder_version=&#8221;3.25.3&#8243; background_image=&#8221;https:\/\/www.ccconcept.ch\/CC\/wp-content\/uploads\/2013\/06\/Surprenante-Livraison-LT.jpg&#8221; background_size=&#8221;contain&#8221; header_font=&#8221;||||||||&#8221; header_text_color=&#8221;#e02b20&#8243; header_font_size=&#8221;30px&#8221;][\/et_pb_slide][et_pb_slide heading=&#8221;Octobre 2011 cr\u00e9ation de la Succursale Valaisanne&#8221; _builder_version=&#8221;3.25.3&#8243; background_color=&#8221;#ffffff&#8221; header_font=&#8221;||||||||&#8221; header_text_color=&#8221;#ffffff&#8221; background_image=&#8221;https:\/\/www.ccconcept.ch\/CC\/wp-content\/uploads\/2013\/11\/CC-Concept-SA-Valais-2011.jpg&#8221;][\/et_pb_slide][et_pb_slide heading=&#8221;Janvier 2012 nouvelle succursale Vaudoise&#8221; _builder_version=&#8221;3.25.3&#8243; background_color=&#8221;#ffffff&#8221; background_image=&#8221;https:\/\/www.ccconcept.ch\/CC\/wp-content\/uploads\/2013\/11\/CC-Concept-SA-Vaud-2012.jpg&#8221;][\/et_pb_slide][et_pb_slide heading=&#8221;Nouvelle succursale Valaisanne en 2012 CC Concept SA 2.0&#8243; _builder_version=&#8221;3.25.3&#8243; background_color=&#8221;#ffffff&#8221; header_font=&#8221;||||||||&#8221; background_image=&#8221;https:\/\/www.ccconcept.ch\/CC\/wp-content\/uploads\/2013\/06\/CC-Concept-SA-Monthey-1-LT.jpg&#8221;][\/et_pb_slide][et_pb_slide heading=&#8221;La vitrine des projets sp\u00e9ciaux&#8221; _builder_version=&#8221;3.25.3&#8243; background_color=&#8221;#ffffff&#8221; background_image=&#8221;https:\/\/www.ccconcept.ch\/CC\/wp-content\/uploads\/2013\/06\/CC-Concept-SA-Monthey-3-LT.jpg&#8221; header_font=&#8221;||||||||&#8221;][\/et_pb_slide][et_pb_slide heading=&#8221;Une partie du parc v\u00e9hicules&#8221; _builder_version=&#8221;3.25.3&#8243; background_color=&#8221;#ffffff&#8221; background_image=&#8221;https:\/\/www.ccconcept.ch\/CC\/wp-content\/uploads\/2014\/06\/V\u00e9hicules-CC-Concept-SA.jpg&#8221; background_position=&#8221;bottom_center&#8221; background__hover_enabled=&#8221;on&#8221;][\/et_pb_slide][et_pb_slide heading=&#8221;Petit mais costaud&#8221; button_text=&#8221;@ET-DC@eyJkeW5hbWljIjp0cnVlLCJjb250ZW50IjoiY3VzdG9tX21ldGFfbGF5b3V0Iiwic2V0dGluZ3MiOnsiYmVmb3JlIjoiIiwiYWZ0ZXIiOiIiLCJlbmFibGVfaHRtbCI6Im9mZiJ9fQ==@&#8221; _builder_version=&#8221;3.25.3&#8243; _dynamic_attributes=&#8221;button_text&#8221; background_color=&#8221;#ffffff&#8221; background_size=&#8221;contain&#8221; background_image=&#8221;https:\/\/www.ccconcept.ch\/CC\/wp-content\/uploads\/2019\/02\/Interention-rapide-2-e1549008697617.jpg&#8221; header_font=&#8221;||||||||&#8221;]Pour les interventions rapides ![\/et_pb_slide][et_pb_slide heading=&#8221;Seconde partie du parc&#8221; _builder_version=&#8221;3.25.3&#8243; background_color=&#8221;#ffffff&#8221; header_font=&#8221;||||||||&#8221; background_image=&#8221;https:\/\/www.ccconcept.ch\/CC\/wp-content\/uploads\/2019\/02\/Les-Bus-2.jpg&#8221;]Vos appareils m\u00e9ritent des transports en limousines&#8230;[\/et_pb_slide][et_pb_slide heading=&#8221;Des bus encore des bus&#8230;&#8221; _builder_version=&#8221;3.25.3&#8243; background_color=&#8221;#ffffff&#8221; header_font=&#8221;||||||||&#8221; background_image=&#8221;https:\/\/www.ccconcept.ch\/CC\/wp-content\/uploads\/2019\/02\/Les-Bus-e1549009105664.jpg&#8221;]Pour parcourir toutes la Suisse romande, il faut ce qu&#8217;il faut.[\/et_pb_slide][et_pb_slide heading=&#8221;Succursale 3.0 Le Mont&#8221; _builder_version=&#8221;3.25.3&#8243; background_color=&#8221;#ffffff&#8221; background_size=&#8221;initial&#8221; background_image=&#8221;https:\/\/www.ccconcept.ch\/CC\/wp-content\/uploads\/2019\/02\/IMG_3114-e1549010305752.jpg&#8221; header_font=&#8221;||||||||&#8221;]L&#8217;arriv\u00e9e au Mont-sur-Lausanne marque une nouvelle \u00e9volution, plus de place, plus de bureau, plus de r\u00e9activit\u00e9&#8230;[\/et_pb_slide][et_pb_slide heading=&#8221;Le D\u00e9p\u00f4t du Mont&#8221; _builder_version=&#8221;3.25.3&#8243; background_color=&#8221;#ffffff&#8221; background_size=&#8221;initial&#8221; background_image=&#8221;https:\/\/www.ccconcept.ch\/CC\/wp-content\/uploads\/2019\/02\/IMG_0587-e1549010265995.jpg&#8221; header_font=&#8221;||||||||&#8221;]Contr\u00f4le des appareils avant stockage et livraison chez vous en Suisse romande, bient\u00f4t en Suisse allemande ??[\/et_pb_slide][et_pb_slide heading=&#8221;Le matin t\u00f4t&#8221; _builder_version=&#8221;3.25.3&#8243; background_color=&#8221;#ffffff&#8221; background_size=&#8221;initial&#8221; background_layout=&#8221;light&#8221; header_font=&#8221;||||||||&#8221; background_image=&#8221;https:\/\/www.ccconcept.ch\/CC\/wp-content\/uploads\/2019\/02\/IMG_1498-e1549010285625.jpg&#8221; header_text_color=&#8221;#000000&#8243;]Pour vous, le travail commence tr\u00e8s t\u00f4t[\/et_pb_slide][\/et_pb_slider][\/et_pb_column][\/et_pb_row][\/et_pb_section][et_pb_section fb_built=&#8221;1&#8243; _builder_version=&#8221;3.22.3&#8243;][et_pb_row _builder_version=&#8221;3.25&#8243;][et_pb_column type=&#8221;4_4&#8243; _builder_version=&#8221;3.25&#8243; custom_padding=&#8221;|||&#8221; custom_padding__hover=&#8221;|||&#8221;][et_pb_image align_tablet=&#8221;center&#8221; align_last_edited=&#8221;on|desktop&#8221; _builder_version=&#8221;3.23&#8243;][\/et_pb_image][\/et_pb_column][\/et_pb_row][\/et_pb_section][et_pb_section fb_built=&#8221;1&#8243; _builder_version=&#8221;3.22.3&#8243;][et_pb_row _builder_version=&#8221;3.25&#8243;][et_pb_column type=&#8221;4_4&#8243; _builder_version=&#8221;3.25&#8243; custom_padding=&#8221;|||&#8221; custom_padding__hover=&#8221;|||&#8221;][et_pb_image src=&#8221;https:\/\/www.ccconcept.ch\/CC\/wp-content\/uploads\/2019\/02\/Interention-rapide-1.jpg&#8221; align_tablet=&#8221;center&#8221; align_last_edited=&#8221;on|desktop&#8221; _builder_version=&#8221;3.23&#8243;][\/et_pb_image][\/et_pb_column][\/et_pb_row][\/et_pb_section]<\/p>\n","protected":false},"excerpt":{"rendered":"<p>Pour les interventions rapides !Vos appareils m\u00e9ritent des transports en limousines&#8230;Pour parcourir toutes la Suisse romande, il faut ce qu&#8217;il faut.L&#8217;arriv\u00e9e au Mont-sur-Lausanne marque une nouvelle \u00e9volution, plus de place, plus de bureau, plus de r\u00e9activit\u00e9&#8230;Contr\u00f4le des appareils avant stockage et livraison chez vous en Suisse romande, bient\u00f4t en Suisse allemande ??Pour vous, le travail [&hellip;]<\/p>\n","protected":false},"author":3,"featured_media":0,"parent":2478,"menu_order":0,"comment_status":"closed","ping_status":"closed","template":"","meta":{"_et_pb_use_builder":"on","_et_pb_old_content":"[caption id=\"attachment_1766\" align=\"aligncenter\" width=\"400\"]<a href=\"http:\/\/www.ccconcept.ch\/CC\/wp-content\/uploads\/2013\/11\/CC-Concept-SA-Vaud-2009.jpg\"><img class=\"   wp-image-1766\" title=\"Cr\u00e9ation en 2009\" src=\"http:\/\/www.ccconcept.ch\/CC\/wp-content\/uploads\/2013\/11\/CC-Concept-SA-Vaud-2009-300x225.jpg\" alt=\"Cr\u00e9ation de la soci\u00e9t\u00e9 en 2009 dans un garage\" width=\"400\" height=\"300\" \/><\/a> Cr\u00e9ation en 2009 dans un garage\u00a0[\/caption]\r\n\r\n[caption id=\"attachment_2335\" align=\"aligncenter\" width=\"400\"]<a href=\"http:\/\/www.ccconcept.ch\/CC\/wp-content\/uploads\/2013\/06\/Surprenante-Livraison-LT.jpg\"><img class=\"wp-image-2335\" src=\"http:\/\/www.ccconcept.ch\/CC\/wp-content\/uploads\/2013\/06\/Surprenante-Livraison-LT-300x230.jpg\" alt=\"Surprenante Livraison LT\" width=\"400\" height=\"307\" \/><\/a> Une prise en charge de marchandise surprenante[\/caption]\r\n\r\n[caption id=\"attachment_1764\" align=\"aligncenter\" width=\"400\"]<a href=\"http:\/\/www.ccconcept.ch\/CC\/wp-content\/uploads\/2013\/11\/CC-Concept-SA-Valais-2011.jpg\"><img class=\"     wp-image-1764\" src=\"http:\/\/www.ccconcept.ch\/CC\/wp-content\/uploads\/2013\/11\/CC-Concept-SA-Valais-2011-300x223.jpg\" alt=\"Cr\u00e9ation de la succursale Valaisanne Octobre 2011\" width=\"400\" height=\"300\" \/><\/a> Octobre 2011 cr\u00e9ation de la Succursale Valaisanne[\/caption]\r\n\r\n[caption id=\"attachment_1767\" align=\"aligncenter\" width=\"400\"]<a href=\"http:\/\/www.ccconcept.ch\/CC\/wp-content\/uploads\/2013\/11\/CC-Concept-SA-Vaud-2012.jpg\"><img class=\"       wp-image-1767\" title=\"CC Concept SA Vaud 2012\" src=\"http:\/\/www.ccconcept.ch\/CC\/wp-content\/uploads\/2013\/11\/CC-Concept-SA-Vaud-2012-300x225.jpg\" alt=\"D\u00e9m\u00e9nagement en janvier 2012 pour la succursale Vaudoise\" width=\"400\" height=\"300\" \/><\/a> Janvier 2012 nouvelle succursale Vaudoise[\/caption]\r\n\r\n[caption id=\"attachment_2334\" align=\"aligncenter\" width=\"400\"]<a href=\"http:\/\/www.ccconcept.ch\/CC\/wp-content\/uploads\/2013\/06\/CC-Concept-SA-Monthey-1-LT.jpg\"><img class=\"wp-image-2334\" src=\"http:\/\/www.ccconcept.ch\/CC\/wp-content\/uploads\/2013\/06\/CC-Concept-SA-Monthey-1-LT-300x225.jpg\" alt=\"CC Concept SA Monthey 1 LT\" width=\"400\" height=\"300\" \/><\/a> Nouvelle succursale VS 2012 CC Concept SA 2.0[\/caption]\r\n\r\n[caption id=\"attachment_2333\" align=\"aligncenter\" width=\"400\"]<a href=\"http:\/\/www.ccconcept.ch\/CC\/wp-content\/uploads\/2013\/06\/CC-Concept-SA-Monthey-3-LT.jpg\"><img class=\"wp-image-2333\" src=\"http:\/\/www.ccconcept.ch\/CC\/wp-content\/uploads\/2013\/06\/CC-Concept-SA-Monthey-3-LT-300x225.jpg\" alt=\"CC Concept SA Monthey 3 LT\" width=\"400\" height=\"300\" \/><\/a> La vitrine des projets sp\u00e9ciaux[\/caption]\r\n\r\n[caption id=\"attachment_1768\" align=\"aligncenter\" width=\"400\"]<a href=\"http:\/\/www.ccconcept.ch\/CC\/wp-content\/uploads\/2013\/11\/V\u00e9hicules-CC-Concept-SA.jpg\"><img class=\"  wp-image-1768\" src=\"http:\/\/www.ccconcept.ch\/CC\/wp-content\/uploads\/2013\/11\/V\u00e9hicules-CC-Concept-SA-300x225.jpg\" alt=\"Une partie du parc v\u00e9hicules\" width=\"400\" height=\"300\" \/><\/a> Une partie du parc v\u00e9hicules[\/caption]","_et_gb_content_width":"","footnotes":""},"class_list":["post-1726","page","type-page","status-publish","hentry"],"_links":{"self":[{"href":"https:\/\/www.ccconcept.ch\/CC\/wp-json\/wp\/v2\/pages\/1726","targetHints":{"allow":["GET"]}}],"collection":[{"href":"https:\/\/www.ccconcept.ch\/CC\/wp-json\/wp\/v2\/pages"}],"about":[{"href":"https:\/\/www.ccconcept.ch\/CC\/wp-json\/wp\/v2\/types\/page"}],"author":[{"embeddable":true,"href":"https:\/\/www.ccconcept.ch\/CC\/wp-json\/wp\/v2\/users\/3"}],"replies":[{"embeddable":true,"href":"https:\/\/www.ccconcept.ch\/CC\/wp-json\/wp\/v2\/comments?post=1726"}],"version-history":[{"count":5,"href":"https:\/\/www.ccconcept.ch\/CC\/wp-json\/wp\/v2\/pages\/1726\/revisions"}],"predecessor-version":[{"id":3106,"href":"https:\/\/www.ccconcept.ch\/CC\/wp-json\/wp\/v2\/pages\/1726\/revisions\/3106"}],"up":[{"embeddable":true,"href":"https:\/\/www.ccconcept.ch\/CC\/wp-json\/wp\/v2\/pages\/2478"}],"wp:attachment":[{"href":"https:\/\/www.ccconcept.ch\/CC\/wp-json\/wp\/v2\/media?parent=1726"}],"curies":[{"name":"wp","href":"https:\/\/api.w.org\/{rel}","templated":true}]}}