{"id":16,"date":"2009-07-01T19:21:26","date_gmt":"2009-07-01T19:21:26","guid":{"rendered":"http:\/\/www.ccconcept.ch\/CC\/?page_id=16"},"modified":"2025-08-13T05:49:19","modified_gmt":"2025-08-13T05:49:19","slug":"produits-et-services","status":"publish","type":"page","link":"https:\/\/www.ccconcept.ch\/CC\/produits-et-services\/","title":{"rendered":"Services"},"content":{"rendered":"<p>[et_pb_section fb_built=&#8221;1&#8243; custom_padding_last_edited=&#8221;on|desktop&#8221; admin_label=&#8221;Section&#8221; _builder_version=&#8221;4.16&#8243; background_color=&#8221;#bd0926&#8243; custom_padding_tablet=&#8221;50px|0|50px|0&#8243; custom_padding_phone=&#8221;&#8221; transparent_background=&#8221;off&#8221; padding_mobile=&#8221;off&#8221; global_colors_info=&#8221;{}&#8221;][et_pb_row admin_label=&#8221;Ligne&#8221; _builder_version=&#8221;4.16&#8243; background_size=&#8221;initial&#8221; background_position=&#8221;top_left&#8221; background_repeat=&#8221;repeat&#8221; global_colors_info=&#8221;{}&#8221;][et_pb_column type=&#8221;4_4&#8243; _builder_version=&#8221;4.16&#8243; custom_padding=&#8221;|||&#8221; global_colors_info=&#8221;{}&#8221; custom_padding__hover=&#8221;|||&#8221;][et_pb_text admin_label=&#8221;Texte&#8221; _builder_version=&#8221;4.16&#8243; background_size=&#8221;initial&#8221; background_position=&#8221;top_left&#8221; background_repeat=&#8221;repeat&#8221; text_orientation=&#8221;center&#8221; background_layout=&#8221;dark&#8221; module_alignment=&#8221;center&#8221; use_border_color=&#8221;off&#8221; border_color=&#8221;#ffffff&#8221; border_style=&#8221;solid&#8221; global_colors_info=&#8221;{}&#8221;]<\/p>\n<h1>Les services<\/h1>\n<p>Installation entretien et r\u00e9paration <strong>TOUTES MARQUES<\/strong> des appareils qui se trouvent dans vos cuisines et vos buanderies. Egalement \u00e0 votre disposition pour les appareils \u00e9lectriques ou \u00e9lectroniques. Prestation de services in\u00e9gal\u00e9s, suivi et professionnalisme.\u00a0<strong>CC Concept SA<\/strong> s&#8217;adresse aux professionnels exigeants et propose aux g\u00e9rances, soci\u00e9t\u00e9s immobili\u00e8res, propri\u00e9taires, particuliers, une vaste gamme de produits \u00e9lectrom\u00e9nager aux meilleurs prix tout en d\u00e9veloppant une politique avanc\u00e9e de qualit\u00e9 et de services.[\/et_pb_text][\/et_pb_column][\/et_pb_row][\/et_pb_section][et_pb_section fb_built=&#8221;1&#8243; admin_label=&#8221;Section&#8221; _builder_version=&#8221;4.16&#8243; global_colors_info=&#8221;{}&#8221;][et_pb_row admin_label=&#8221;Ligne&#8221; _builder_version=&#8221;4.16&#8243; background_size=&#8221;initial&#8221; background_position=&#8221;top_left&#8221; background_repeat=&#8221;repeat&#8221; global_colors_info=&#8221;{}&#8221;][et_pb_column type=&#8221;4_4&#8243; _builder_version=&#8221;4.16&#8243; custom_padding=&#8221;|||&#8221; global_colors_info=&#8221;{}&#8221; custom_padding__hover=&#8221;|||&#8221;][et_pb_text admin_label=&#8221;Texte&#8221; _builder_version=&#8221;4.16&#8243; background_size=&#8221;initial&#8221; background_position=&#8221;top_left&#8221; background_repeat=&#8221;repeat&#8221; text_orientation=&#8221;center&#8221; module_alignment=&#8221;center&#8221; use_border_color=&#8221;off&#8221; border_color=&#8221;#ffffff&#8221; border_style=&#8221;solid&#8221; global_colors_info=&#8221;{}&#8221;]<\/p>\n<h3>10 bonnes raisons de nous choisir!<\/h3>\n<p>[\/et_pb_text][\/et_pb_column][\/et_pb_row][et_pb_row admin_label=&#8221;Ligne&#8221; _builder_version=&#8221;4.16&#8243; background_size=&#8221;initial&#8221; background_position=&#8221;top_left&#8221; background_repeat=&#8221;repeat&#8221; global_colors_info=&#8221;{}&#8221; column_structure=&#8221;1_3,1_3,1_3&#8243;][et_pb_column type=&#8221;1_3&#8243; _builder_version=&#8221;4.16&#8243; custom_padding=&#8221;|||&#8221; global_colors_info=&#8221;{}&#8221; custom_padding__hover=&#8221;|||&#8221;][et_pb_text admin_label=&#8221;Texte&#8221; _builder_version=&#8221;4.16&#8243; background_size=&#8221;initial&#8221; background_position=&#8221;top_left&#8221; background_repeat=&#8221;repeat&#8221; text_orientation=&#8221;center&#8221; module_alignment=&#8221;center&#8221; use_border_color=&#8221;off&#8221; border_color=&#8221;#ffffff&#8221; border_style=&#8221;solid&#8221; global_colors_info=&#8221;{}&#8221;]<\/p>\n<h2>1<\/h2>\n<p>Destin\u00e9 aux\u00a0<strong>professionnels<\/strong> de l\u2019immobilier,\u00a0mais \u00e9galement pour les <strong>priv\u00e9s<\/strong><br \/>\n[\/et_pb_text][et_pb_text admin_label=&#8221;Texte&#8221; _builder_version=&#8221;4.16&#8243; background_size=&#8221;initial&#8221; background_position=&#8221;top_left&#8221; background_repeat=&#8221;repeat&#8221; text_orientation=&#8221;center&#8221; module_alignment=&#8221;center&#8221; use_border_color=&#8221;off&#8221; border_color=&#8221;#ffffff&#8221; border_style=&#8221;solid&#8221; global_colors_info=&#8221;{}&#8221;]<\/p>\n<h2>4<\/h2>\n<p>Service et r\u00e9paration <strong>sur place ou \u00e0 l\u2019atelier<\/strong><br \/>\n[\/et_pb_text][et_pb_text admin_label=&#8221;Texte&#8221; _builder_version=&#8221;4.16&#8243; background_size=&#8221;initial&#8221; background_position=&#8221;top_left&#8221; background_repeat=&#8221;repeat&#8221; text_orientation=&#8221;center&#8221; module_alignment=&#8221;center&#8221; use_border_color=&#8221;off&#8221; border_color=&#8221;#ffffff&#8221; border_style=&#8221;solid&#8221; global_colors_info=&#8221;{}&#8221;]<\/p>\n<h2>7<\/h2>\n<p>Offres <strong>multi-<\/strong><strong>marques<\/strong> comparatives gratuites<br \/>\n[\/et_pb_text][\/et_pb_column][et_pb_column type=&#8221;1_3&#8243; _builder_version=&#8221;4.16&#8243; custom_padding=&#8221;|||&#8221; global_colors_info=&#8221;{}&#8221; custom_padding__hover=&#8221;|||&#8221;][et_pb_text admin_label=&#8221;Texte&#8221; _builder_version=&#8221;4.16&#8243; background_size=&#8221;initial&#8221; background_position=&#8221;top_left&#8221; background_repeat=&#8221;repeat&#8221; text_orientation=&#8221;center&#8221; module_alignment=&#8221;center&#8221; use_border_color=&#8221;off&#8221; border_color=&#8221;#ffffff&#8221; border_style=&#8221;solid&#8221; global_colors_info=&#8221;{}&#8221;]<\/p>\n<h2>2<\/h2>\n<p><strong>Abonnement<\/strong> et entretien de services<br \/>\n[\/et_pb_text][et_pb_text admin_label=&#8221;Texte&#8221; _builder_version=&#8221;4.16&#8243; background_size=&#8221;initial&#8221; background_position=&#8221;top_left&#8221; background_repeat=&#8221;repeat&#8221; text_orientation=&#8221;center&#8221; module_alignment=&#8221;center&#8221; use_border_color=&#8221;off&#8221; border_color=&#8221;#ffffff&#8221; border_style=&#8221;solid&#8221; global_colors_info=&#8221;{}&#8221;]<\/p>\n<h2>5<\/h2>\n<p><strong>Bilan<\/strong> des appareils en place, \u00e9tat des lieux \u00e9lectrom\u00e9nager<br \/>\n[\/et_pb_text][et_pb_text admin_label=&#8221;Texte&#8221; _builder_version=&#8221;4.16&#8243; background_size=&#8221;initial&#8221; background_position=&#8221;top_left&#8221; background_repeat=&#8221;repeat&#8221; text_orientation=&#8221;center&#8221; module_alignment=&#8221;center&#8221; use_border_color=&#8221;off&#8221; border_color=&#8221;#ffffff&#8221; border_style=&#8221;solid&#8221; global_colors_info=&#8221;{}&#8221;]<\/p>\n<h2>8<\/h2>\n<p>Comp\u00e9tences pour vos <strong>cuisines<\/strong> et vos <strong>buanderies<\/strong><br \/>\n[\/et_pb_text][\/et_pb_column][et_pb_column type=&#8221;1_3&#8243; _builder_version=&#8221;4.16&#8243; custom_padding=&#8221;|||&#8221; global_colors_info=&#8221;{}&#8221; custom_padding__hover=&#8221;|||&#8221;][et_pb_text admin_label=&#8221;Texte&#8221; _builder_version=&#8221;4.16&#8243; background_size=&#8221;initial&#8221; background_position=&#8221;top_left&#8221; background_repeat=&#8221;repeat&#8221; text_orientation=&#8221;center&#8221; module_alignment=&#8221;center&#8221; use_border_color=&#8221;off&#8221; border_color=&#8221;#ffffff&#8221; border_style=&#8221;solid&#8221; global_colors_info=&#8221;{}&#8221;]<\/p>\n<h2>3<\/h2>\n<p>Intervention pour vous dans<strong> les 24 \u00e0 48 heures<\/strong><br \/>\n[\/et_pb_text][et_pb_text admin_label=&#8221;Texte&#8221; _builder_version=&#8221;4.16&#8243; background_size=&#8221;initial&#8221; background_position=&#8221;top_left&#8221; background_repeat=&#8221;repeat&#8221; text_orientation=&#8221;center&#8221; module_alignment=&#8221;center&#8221; use_border_color=&#8221;off&#8221; border_color=&#8221;#ffffff&#8221; border_style=&#8221;solid&#8221; global_colors_info=&#8221;{}&#8221;]<\/p>\n<h2>6<\/h2>\n<p>Evacuation des appareils en respectant <strong>la protection de l\u2019environnement<\/strong><br \/>\n[\/et_pb_text][et_pb_text admin_label=&#8221;Texte&#8221; _builder_version=&#8221;4.16&#8243; background_size=&#8221;initial&#8221; background_position=&#8221;top_left&#8221; background_repeat=&#8221;repeat&#8221; text_orientation=&#8221;center&#8221; module_alignment=&#8221;center&#8221; use_border_color=&#8221;off&#8221; border_color=&#8221;#ffffff&#8221; border_style=&#8221;solid&#8221; global_colors_info=&#8221;{}&#8221;]<\/p>\n<h2>9<\/h2>\n<p><strong>Appareil en pr\u00eat<\/strong> pour le froid le chaud et le lavage<br \/>\n[\/et_pb_text][\/et_pb_column][\/et_pb_row][et_pb_row admin_label=&#8221;Ligne&#8221; _builder_version=&#8221;4.16&#8243; background_size=&#8221;initial&#8221; background_position=&#8221;top_left&#8221; background_repeat=&#8221;repeat&#8221; global_colors_info=&#8221;{}&#8221; custom_margin=&#8221;|auto||162px||&#8221;][et_pb_column type=&#8221;4_4&#8243; _builder_version=&#8221;4.16&#8243; custom_padding=&#8221;|||&#8221; global_colors_info=&#8221;{}&#8221; custom_padding__hover=&#8221;|||&#8221;][et_pb_text admin_label=&#8221;Texte&#8221; _builder_version=&#8221;4.16&#8243; background_size=&#8221;initial&#8221; background_position=&#8221;top_left&#8221; background_repeat=&#8221;repeat&#8221; text_orientation=&#8221;center&#8221; module_alignment=&#8221;center&#8221; use_border_color=&#8221;off&#8221; border_color=&#8221;#ffffff&#8221; border_style=&#8221;solid&#8221; global_colors_info=&#8221;{}&#8221; custom_padding=&#8221;|||0px||&#8221;]<\/p>\n<h2>10\u00a0Atteignable, \u00e0 votre disposition en tout temps <strong>24h\/24<\/strong><\/h2>\n<p>[\/et_pb_text][et_pb_image src=&#8221;https:\/\/www.ccconcept.ch\/CC\/wp-content\/uploads\/2025\/08\/Qr-Codes-du-Site-1.jpg&#8221; _builder_version=&#8221;4.27.4&#8243; _module_preset=&#8221;default&#8221; theme_builder_area=&#8221;post_content&#8221; hover_enabled=&#8221;0&#8243; sticky_enabled=&#8221;0&#8243; custom_margin=&#8221;|||394px||&#8221; custom_padding=&#8221;|104px||||&#8221;][\/et_pb_image][\/et_pb_column][\/et_pb_row][\/et_pb_section][et_pb_section fb_built=&#8221;1&#8243; custom_padding_last_edited=&#8221;on|desktop&#8221; admin_label=&#8221;Section&#8221; _builder_version=&#8221;4.16&#8243; background_color=&#8221;#bd0926&#8243; custom_padding_tablet=&#8221;50px|0|50px|0&#8243; custom_padding_phone=&#8221;&#8221; transparent_background=&#8221;off&#8221; padding_mobile=&#8221;off&#8221; global_colors_info=&#8221;{}&#8221;][et_pb_row admin_label=&#8221;Ligne&#8221; _builder_version=&#8221;4.16&#8243; background_size=&#8221;initial&#8221; background_position=&#8221;top_left&#8221; background_repeat=&#8221;repeat&#8221; global_colors_info=&#8221;{}&#8221;][et_pb_column type=&#8221;4_4&#8243; _builder_version=&#8221;4.16&#8243; custom_padding=&#8221;|||&#8221; global_colors_info=&#8221;{}&#8221; custom_padding__hover=&#8221;|||&#8221;][et_pb_text admin_label=&#8221;Texte&#8221; _builder_version=&#8221;4.16&#8243; background_size=&#8221;initial&#8221; background_position=&#8221;top_left&#8221; background_repeat=&#8221;repeat&#8221; text_orientation=&#8221;center&#8221; background_layout=&#8221;dark&#8221; module_alignment=&#8221;center&#8221; use_border_color=&#8221;off&#8221; border_color=&#8221;#ffffff&#8221; border_style=&#8221;solid&#8221; global_colors_info=&#8221;{}&#8221;]<\/p>\n<h2>Comp\u00e9tence,\u00a0proximit\u00e9, rapidit\u00e9 et amabilit\u00e9.<br \/>\nM\u00e9nagez-vous,contactez-nous!<\/h2>\n<p>[\/et_pb_text][et_pb_button button_url=&#8221;https:\/\/www.ccconcept.ch\/CC\/contact\/&#8221; button_text=&#8221;C&#8217;est par ici!&#8221; button_alignment=&#8221;center&#8221; admin_label=&#8221;Bouton&#8221; _builder_version=&#8221;4.16&#8243; custom_button=&#8221;on&#8221; button_text_color=&#8221;#ffffff&#8221; background_layout=&#8221;dark&#8221; button_letter_spacing_hover=&#8221;0&#8243; global_colors_info=&#8221;{}&#8221; button_text_size__hover_enabled=&#8221;off&#8221; button_one_text_size__hover_enabled=&#8221;off&#8221; button_two_text_size__hover_enabled=&#8221;off&#8221; button_text_color__hover_enabled=&#8221;off&#8221; button_one_text_color__hover_enabled=&#8221;off&#8221; button_two_text_color__hover_enabled=&#8221;off&#8221; button_border_width__hover_enabled=&#8221;off&#8221; button_one_border_width__hover_enabled=&#8221;off&#8221; button_two_border_width__hover_enabled=&#8221;off&#8221; button_border_color__hover_enabled=&#8221;off&#8221; button_one_border_color__hover_enabled=&#8221;off&#8221; button_two_border_color__hover_enabled=&#8221;off&#8221; button_border_radius__hover_enabled=&#8221;off&#8221; button_one_border_radius__hover_enabled=&#8221;off&#8221; button_two_border_radius__hover_enabled=&#8221;off&#8221; button_letter_spacing__hover_enabled=&#8221;on&#8221; button_letter_spacing__hover=&#8221;0&#8243; button_one_letter_spacing__hover_enabled=&#8221;off&#8221; button_two_letter_spacing__hover_enabled=&#8221;off&#8221; button_bg_color__hover_enabled=&#8221;off&#8221; button_one_bg_color__hover_enabled=&#8221;off&#8221; button_two_bg_color__hover_enabled=&#8221;off&#8221;] [\/et_pb_button][\/et_pb_column][\/et_pb_row][\/et_pb_section][et_pb_section fb_built=&#8221;1&#8243; theme_builder_area=&#8221;post_content&#8221; _builder_version=&#8221;4.27.4&#8243; _module_preset=&#8221;default&#8221;][et_pb_row _builder_version=&#8221;4.27.4&#8243; _module_preset=&#8221;default&#8221; theme_builder_area=&#8221;post_content&#8221;][et_pb_column _builder_version=&#8221;4.27.4&#8243; _module_preset=&#8221;default&#8221; theme_builder_area=&#8221;post_content&#8221; type=&#8221;4_4&#8243;][\/et_pb_column][\/et_pb_row][\/et_pb_section]<\/p>\n","protected":false},"excerpt":{"rendered":"<p>Les services Installation entretien et r\u00e9paration TOUTES MARQUES des appareils qui se trouvent dans vos cuisines et vos buanderies. Egalement \u00e0 votre disposition pour les appareils \u00e9lectriques ou \u00e9lectroniques. Prestation de services in\u00e9gal\u00e9s, suivi et professionnalisme.\u00a0CC Concept SA s&#8217;adresse aux professionnels exigeants et propose aux g\u00e9rances, soci\u00e9t\u00e9s immobili\u00e8res, propri\u00e9taires, particuliers, une vaste gamme de produits [&hellip;]<\/p>\n","protected":false},"author":1,"featured_media":0,"parent":0,"menu_order":3,"comment_status":"closed","ping_status":"closed","template":"","meta":{"_et_pb_use_builder":"on","_et_pb_old_content":"<h2>Nos services<\/h2><h3>10 bonnes raisons de nous choisir!<\/h3><ol><li>Destin\u00e9 aux\u00a0<strong>professionnels<\/strong> de l'immobilier,\u00a0mais \u00e9galement pour les <strong>priv\u00e9s<\/strong><\/li><li><strong>Abonnement<\/strong> et entretien de services<\/li><li>Intervention pour vous dans<strong> les 24 \u00e0 48 heures<\/strong><\/li><li>Service et r\u00e9paration <strong>sur place ou \u00e0 l\u2019atelier<\/strong><\/li><li>Offres <strong>multi-<\/strong><strong>marques<\/strong> comparatives gratuites<\/li><li>Comp\u00e9tences pour vos <strong>cuisines<\/strong> et vos <strong>buanderies<\/strong><\/li><li><strong>Appareil en pr\u00eat<\/strong> pour le froid le chaud et le lavage<\/li><li>Atteignable, \u00e0 votre disposition en tout temps <strong>24h\/24<\/strong><\/li><li><strong>Bilan<\/strong> des appareils en place, \u00e9tat des lieux \u00e9lectrom\u00e9nager<\/li><li>Evacuation des appareils en respectant <strong>la protection de l\u2019environnement<\/strong><\/li><\/ol><blockquote><p>Comp\u00e9tence,\u00a0proximit\u00e9, rapidit\u00e9 et amabilit\u00e9.<br \/> M\u00e9nagez-vous,contactez-nous!<\/p><\/blockquote><p>B\u00e9n\u00e9ficiez d\u00e8s aujourd'hui vous aussi du savoir faire de notre \u00e9quipe. Que cela soit pour r\u00e9parer, comparer ou choisir les bons appareils aux meilleurs rapports qualit\u00e9\/prix.<\/p><p><strong>CC Concept SA<\/strong> vous offre toutes les marques de qualit\u00e9 aux meilleurs prix !<\/p><ul><li>Vous avez le choix de vous rendre dans les enseignes qui proposent des articles \u00e9lectrom\u00e9nager, vous pouvez \u00e9galement consulter Internet ou plus simplement contacter votre sp\u00e9cialiste <strong>CC Concept SA<\/strong> qui viendra chez vous pour vous \u00e9tablir un devis comparatif pour la vente l'installation et la mise en service des appareils de votre choix.<\/li><li>Devis sans engagement, entretien, r\u00e9paration, contrat de maintenance, bilan de vos parcs d'appareils. N'h\u00e9sitez plus, <strong>M\u00e9nagez-vous<\/strong>, <strong>contactez-nous !<\/strong><\/li><\/ul><blockquote><p>Nos v\u00e9hicules interviennent partout en Suisse Romande,<br \/> pour la suisse allemande, nous collaborons avec un partenaire efficace !<\/p><\/blockquote><p><a href=\"http:\/\/www.ccconcept.ch\/CC\/wp-content\/uploads\/2009\/07\/Bus-Haut-2011-LT.jpg\"><img class=\"alignnone wp-image-1391\" title=\"<SAMSUNG DIGITAL CAMERA>\" src=\"http:\/\/www.ccconcept.ch\/CC\/wp-content\/uploads\/2009\/07\/Bus-Haut-2011-LT-1024x762.jpg\" alt=\"\" width=\"275\" height=\"203\" \/><\/a>\u00a0\u00a0\u00a0 <span style=\"color: #ff0000;\"><strong><em><a href=\"http:\/\/www.ccconcept.ch\/CC\/wp-content\/uploads\/2009\/07\/Bus-Bas-1-2011-LT.jpg\"><img class=\"alignnone wp-image-1392\" title=\"<SAMSUNG DIGITAL CAMERA>\" src=\"http:\/\/www.ccconcept.ch\/CC\/wp-content\/uploads\/2009\/07\/Bus-Bas-1-2011-LT-1024x629.jpg\" alt=\"\" width=\"304\" height=\"188\" \/><\/a><\/em><\/strong><\/span><\/p><p>Optez pour un partenaire s\u00e9rieux et dynamique, tirez dans le mille.<\/p><p>Installation entretien et r\u00e9paration <strong><span style=\"color: #ff0000;\">TOUTES MARQUES<\/span><\/strong> d\u2019\u00e9lectrom\u00e9nager et autres appareils \u00e9lectriques ou \u00e9lectroniques. Prestation de services in\u00e9gal\u00e9s, suivi et professionnalisme.\u00a0<strong><span style=\"color: #ff0000;\">CC <\/span><span style=\"color: #808080;\">Concept SA<\/span><\/strong> s\u2019ouvre aux professionnels exigeants et propose aux g\u00e9rances, soci\u00e9t\u00e9s immobili\u00e8res, propri\u00e9taires, particuliers, une vaste gamme de produits \u00e9lectrom\u00e9nager aux meilleurs prix tout en d\u00e9veloppant une politique avanc\u00e9e de qualit\u00e9 et de services.<\/p>","_et_gb_content_width":"","footnotes":""},"class_list":["post-16","page","type-page","status-publish","hentry"],"_links":{"self":[{"href":"https:\/\/www.ccconcept.ch\/CC\/wp-json\/wp\/v2\/pages\/16","targetHints":{"allow":["GET"]}}],"collection":[{"href":"https:\/\/www.ccconcept.ch\/CC\/wp-json\/wp\/v2\/pages"}],"about":[{"href":"https:\/\/www.ccconcept.ch\/CC\/wp-json\/wp\/v2\/types\/page"}],"author":[{"embeddable":true,"href":"https:\/\/www.ccconcept.ch\/CC\/wp-json\/wp\/v2\/users\/1"}],"replies":[{"embeddable":true,"href":"https:\/\/www.ccconcept.ch\/CC\/wp-json\/wp\/v2\/comments?post=16"}],"version-history":[{"count":6,"href":"https:\/\/www.ccconcept.ch\/CC\/wp-json\/wp\/v2\/pages\/16\/revisions"}],"predecessor-version":[{"id":8782,"href":"https:\/\/www.ccconcept.ch\/CC\/wp-json\/wp\/v2\/pages\/16\/revisions\/8782"}],"wp:attachment":[{"href":"https:\/\/www.ccconcept.ch\/CC\/wp-json\/wp\/v2\/media?parent=16"}],"curies":[{"name":"wp","href":"https:\/\/api.w.org\/{rel}","templated":true}]}}