{"id":1098,"date":"2011-04-13T09:52:01","date_gmt":"2011-04-13T09:52:01","guid":{"rendered":"http:\/\/www.ccconcept.ch\/CC\/?page_id=1098"},"modified":"2014-01-31T10:32:42","modified_gmt":"2014-01-31T10:32:42","slug":"franchise","status":"publish","type":"page","link":"https:\/\/www.ccconcept.ch\/CC\/jobs\/franchise\/","title":{"rendered":"Franchise"},"content":{"rendered":"<p>Aidez-nous \u00e0\u00a0atteindre nos objectifs de croissance,\u00a0venez\u00a0activement\u00a0renforcer notre pr\u00e9sence en <strong>Suisse\u00a0romande, en Suisse al\u00e9manique et au Tessin<\/strong>. Si l\u2019id\u00e9e de vous\u00a0\u00e9tablir \u00e0 votre compte ou de\u00a0devenir entrepreneur\u00a0dans un domaine porteur et comp\u00e9titif vous s\u00e9duit, et si vous souhaitez faire partie d\u2019un r\u00e9seau solide et fiable en\u00a0d\u00e9veloppement permanent\u00a0depuis sa cr\u00e9ation, M\u00e9nagez-vous, rejoignez-nous !<br \/>\n<a href=\"http:\/\/www.ccconcept.ch\/CC\/wp-content\/uploads\/2014\/01\/franchise.jpg\"><img loading=\"lazy\" decoding=\"async\" class=\"alignleft size-medium wp-image-1781\" alt=\"franchise\" src=\"http:\/\/www.ccconcept.ch\/CC\/wp-content\/uploads\/2014\/01\/franchise-300x222.jpg\" width=\"300\" height=\"222\" srcset=\"https:\/\/www.ccconcept.ch\/CC\/wp-content\/uploads\/2014\/01\/franchise-300x222.jpg 300w, https:\/\/www.ccconcept.ch\/CC\/wp-content\/uploads\/2014\/01\/franchise-150x111.jpg 150w, https:\/\/www.ccconcept.ch\/CC\/wp-content\/uploads\/2014\/01\/franchise.jpg 500w\" sizes=\"(max-width: 300px) 100vw, 300px\" \/><\/a><br \/>\nLa maison m\u00e8re assure l&#8217;approvisionnement le marketing et la publicit\u00e9, apr\u00e8s une formation\u00a0compl\u00e8te bas\u00e9e sur une m\u00e9thode de travail pr\u00e9cise, vous b\u00e9n\u00e9ficierez de tous les avantages du r\u00e9seau <span style=\"color: #888888;\"><strong><span style=\"color: #ff0000;\">CC<\/span><\/strong> Concept SA<\/span>, moyennant un investissement minimal pour votre installation.<\/p>\n<p>Nous fournissons \u00e0 nos d\u00e9positaires l\u2019int\u00e9gralit\u00e9 de base de donn\u00e9e les nomenclatures administratives\u00a0n\u00e9cessaire au bon fonctionnement\u00a0de votre filiale ou succursale. Vous profiterez\u00a0de l\u2019acc\u00e8s\u00a0en r\u00e9seau \u00e0 notre site internet &#8211;\u00a0participons \u00e0 des actions publicitaires ainsi qu\u2019\u00e0 la maintenance de la gestion du syst\u00e8me informatique du groupe. Nous nous engageons \u00e9galement \u00e0 d\u00e9velopper et \u00e0 mettre \u00e0 jour\u00a0les outils de communication. N\u2019h\u00e9sitez pas \u00e0 nous contacter pour de plus amples informations.<\/p>\n<p>Vous pouvez d\u00e9velopper une franchise CC Concept SA de deux mani\u00e8res.<br \/>\nLa premi\u00e8re sous forme de <strong>filiale<\/strong>, vous n&#8217;engagez aucun frais mais vous \u00eates le responsable de votre r\u00e9gion.<\/p>\n<p>Vous pouvez \u00e9galement cr\u00e9er une <strong>succursale<\/strong>, vous \u00eates alors votre propre patron. Vous b\u00e9n\u00e9ficiez des conditions d&#8217;achat, \u00a0du syst\u00e8me informatique et de l&#8217;image de l&#8217;entreprise.<\/p>\n<p>A vous de jouer !<\/p>\n<p>Par courriel :<a href=\"mailto:info@ccconcept.ch\">info@ccconcept.ch<\/a><br \/>\nPar t\u00e9l\u00e9phone: <strong><span style=\"color: #ff0000;\">021 331 01 80<\/span><\/strong><br \/>\nPar fax : <strong><span style=\"color: #ff0000;\">021 331 01 81<\/span><\/strong><\/p>\n","protected":false},"excerpt":{"rendered":"<p>Aidez-nous \u00e0\u00a0atteindre nos objectifs de croissance,\u00a0venez\u00a0activement\u00a0renforcer notre pr\u00e9sence en Suisse\u00a0romande, en Suisse al\u00e9manique et au Tessin. Si l\u2019id\u00e9e de vous\u00a0\u00e9tablir \u00e0 votre compte ou de\u00a0devenir entrepreneur\u00a0dans un domaine porteur et comp\u00e9titif vous s\u00e9duit, et si vous souhaitez faire partie d\u2019un r\u00e9seau solide et fiable en\u00a0d\u00e9veloppement permanent\u00a0depuis sa cr\u00e9ation, M\u00e9nagez-vous, rejoignez-nous ! La maison m\u00e8re assure [&hellip;]<\/p>\n","protected":false},"author":1,"featured_media":0,"parent":425,"menu_order":0,"comment_status":"closed","ping_status":"closed","template":"","meta":{"_et_pb_use_builder":"","_et_pb_old_content":"","_et_gb_content_width":"","footnotes":""},"class_list":["post-1098","page","type-page","status-publish","hentry"],"_links":{"self":[{"href":"https:\/\/www.ccconcept.ch\/CC\/wp-json\/wp\/v2\/pages\/1098","targetHints":{"allow":["GET"]}}],"collection":[{"href":"https:\/\/www.ccconcept.ch\/CC\/wp-json\/wp\/v2\/pages"}],"about":[{"href":"https:\/\/www.ccconcept.ch\/CC\/wp-json\/wp\/v2\/types\/page"}],"author":[{"embeddable":true,"href":"https:\/\/www.ccconcept.ch\/CC\/wp-json\/wp\/v2\/users\/1"}],"replies":[{"embeddable":true,"href":"https:\/\/www.ccconcept.ch\/CC\/wp-json\/wp\/v2\/comments?post=1098"}],"version-history":[{"count":4,"href":"https:\/\/www.ccconcept.ch\/CC\/wp-json\/wp\/v2\/pages\/1098\/revisions"}],"predecessor-version":[{"id":1793,"href":"https:\/\/www.ccconcept.ch\/CC\/wp-json\/wp\/v2\/pages\/1098\/revisions\/1793"}],"up":[{"embeddable":true,"href":"https:\/\/www.ccconcept.ch\/CC\/wp-json\/wp\/v2\/pages\/425"}],"wp:attachment":[{"href":"https:\/\/www.ccconcept.ch\/CC\/wp-json\/wp\/v2\/media?parent=1098"}],"curies":[{"name":"wp","href":"https:\/\/api.w.org\/{rel}","templated":true}]}}